{"id":32566,"date":"2025-06-12T00:22:20","date_gmt":"2025-06-11T22:22:20","guid":{"rendered":"https:\/\/markanluxury.ch\/shop\/senza-categoria\/collana-in-argento-925-con-gemma-di-agata-indonesiana\/"},"modified":"2025-06-16T10:39:44","modified_gmt":"2025-06-16T08:39:44","slug":"collana-in-argento-925-con-gemma-di-agata-indonesiana","status":"publish","type":"product","link":"https:\/\/markanluxury.ch\/it\/shop\/pietre-naturali-e-minerali\/collana-in-argento-925-con-gemma-di-agata-indonesiana\/","title":{"rendered":"Collana in argento 925 con gemma di agata indonesiana"},"content":{"rendered":"\t\t<div data-elementor-type=\"wp-post\" data-elementor-id=\"32566\" class=\"elementor elementor-32566 elementor-32544\">\n\t\t\t\t<div class=\"wd-negative-gap elementor-element elementor-element-7e02c33d e-flex e-con-boxed e-con e-parent\" data-id=\"7e02c33d\" data-element_type=\"container\">\n\t\t\t\t\t<div class=\"e-con-inner\">\n\t\t\t\t<div class=\"elementor-element elementor-element-04e5b00 elementor-widget elementor-widget-shortcode\" data-id=\"04e5b00\" data-element_type=\"widget\" data-widget_type=\"shortcode.default\">\n\t\t\t\t<div class=\"elementor-widget-container\">\n\t\t\t\t\t\t\t<div class=\"elementor-shortcode\">\t\t\t<link rel=\"stylesheet\" id=\"elementor-post-32671-css\" href=\"https:\/\/markanluxury.ch\/wp-content\/uploads\/elementor\/css\/post-32671.css?ver=1776288452\" type=\"text\/css\" media=\"all\">\n\t\t\t\t\t<div data-elementor-type=\"wp-post\" data-elementor-id=\"32671\" class=\"elementor elementor-32671 elementor-32661\">\n\t\t\t\t<div class=\"wd-negative-gap elementor-element elementor-element-985f0d6 e-flex e-con-boxed e-con e-parent\" data-id=\"985f0d6\" data-element_type=\"container\">\n\t\t\t\t\t<div class=\"e-con-inner\">\n\t\t\t\t<div class=\"elementor-element elementor-element-d45bf68 elementor-widget elementor-widget-wd_text_block\" data-id=\"d45bf68\" data-element_type=\"widget\" data-widget_type=\"wd_text_block.default\">\n\t\t\t\t<div class=\"elementor-widget-container\">\n\t\t\t\t\t\t\t<div class=\"wd-text-block reset-last-child text-left\">\n\t\t\t\n\t\t\t<p>La foto del prodotto \u00e8 un\u2019immagine rappresentativa. Possono esserci lievi differenze nei colori, nei pesi e nelle dimensioni. <\/p>\n\t\t\t\t\t<\/div>\n\t\t\t\t\t\t<\/div>\n\t\t\t\t<\/div>\n\t\t\t\t\t<\/div>\n\t\t\t\t<\/div>\n\t\t\t\t<\/div>\n\t\t<\/div>\n\t\t\t\t\t\t<\/div>\n\t\t\t\t<\/div>\n\t\t\t\t<div class=\"elementor-element elementor-element-953ffb8 elementor-widget elementor-widget-shortcode\" data-id=\"953ffb8\" data-element_type=\"widget\" data-widget_type=\"shortcode.default\">\n\t\t\t\t<div class=\"elementor-widget-container\">\n\t\t\t\t\t\t\t<div class=\"elementor-shortcode\">\t\t\t<link rel=\"stylesheet\" id=\"elementor-post-32626-css\" href=\"https:\/\/markanluxury.ch\/wp-content\/uploads\/elementor\/css\/post-32626.css?ver=1776288452\" type=\"text\/css\" media=\"all\">\n\t\t\t\t\t<div data-elementor-type=\"wp-post\" data-elementor-id=\"32626\" class=\"elementor elementor-32626 elementor-32614\">\n\t\t\t\t<div class=\"wd-negative-gap elementor-element elementor-element-b9a5d7c e-flex e-con-boxed e-con e-parent\" data-id=\"b9a5d7c\" data-element_type=\"container\">\n\t\t\t\t\t<div class=\"e-con-inner\">\n\t\t\t\t<div class=\"elementor-element elementor-element-d29d54e color-scheme-inherit text-left elementor-widget elementor-widget-text-editor\" data-id=\"d29d54e\" data-element_type=\"widget\" data-widget_type=\"text-editor.default\">\n\t\t\t\t<div class=\"elementor-widget-container\">\n\t\t\t\t\t\t\t\t\t<h3 style=\"font-size: 16px;\"><strong>DIMENSIONI DEL PRODOTTO<\/strong><\/h3>\t\t\t\t\t\t\t\t<\/div>\n\t\t\t\t<\/div>\n\t\t\t\t\t<\/div>\n\t\t\t\t<\/div>\n\t\t\t\t<\/div>\n\t\t<\/div>\n\t\t\t\t\t\t<\/div>\n\t\t\t\t<\/div>\n\t\t\t\t<div class=\"elementor-element elementor-element-9cf6080 color-scheme-inherit text-left elementor-widget elementor-widget-text-editor\" data-id=\"9cf6080\" data-element_type=\"widget\" data-widget_type=\"text-editor.default\">\n\t\t\t\t<div class=\"elementor-widget-container\">\n\t\t\t\t\t\t\t\t\t<ul class=\"unordered-list\"><li>Larghezza: 1,6 cm<\/li><li>Lunghezza: 2,4 cm<\/li><li>Peso: 4 g<\/li><li>Lunghezza della catena: 45 cm<\/li><\/ul>\t\t\t\t\t\t\t\t<\/div>\n\t\t\t\t<\/div>\n\t\t\t\t<div class=\"elementor-element elementor-element-0eaebee elementor-widget-divider--view-line elementor-widget elementor-widget-divider\" data-id=\"0eaebee\" data-element_type=\"widget\" data-widget_type=\"divider.default\">\n\t\t\t\t<div class=\"elementor-widget-container\">\n\t\t\t\t\t\t\t<div class=\"elementor-divider\">\n\t\t\t<span class=\"elementor-divider-separator\">\n\t\t\t\t\t\t<\/span>\n\t\t<\/div>\n\t\t\t\t\t\t<\/div>\n\t\t\t\t<\/div>\n\t\t\t\t<div class=\"elementor-element elementor-element-39056df color-scheme-inherit text-left elementor-widget elementor-widget-text-editor\" data-id=\"39056df\" data-element_type=\"widget\" data-widget_type=\"text-editor.default\">\n\t\t\t\t<div class=\"elementor-widget-container\">\n\t\t\t\t\t\t\t\t\t<ul class=\"unordered-list\"><li>Larghezza: 1,8 cm<\/li><li>Lunghezza: 2,8 cm<\/li><li>Peso: 4,6 g<\/li><li>Lunghezza della catena: 45 cm<\/li><\/ul>\t\t\t\t\t\t\t\t<\/div>\n\t\t\t\t<\/div>\n\t\t\t\t<div class=\"elementor-element elementor-element-d227e63 elementor-widget-divider--view-line elementor-widget elementor-widget-divider\" data-id=\"d227e63\" data-element_type=\"widget\" data-widget_type=\"divider.default\">\n\t\t\t\t<div class=\"elementor-widget-container\">\n\t\t\t\t\t\t\t<div class=\"elementor-divider\">\n\t\t\t<span class=\"elementor-divider-separator\">\n\t\t\t\t\t\t<\/span>\n\t\t<\/div>\n\t\t\t\t\t\t<\/div>\n\t\t\t\t<\/div>\n\t\t\t\t<div class=\"elementor-element elementor-element-efc504d color-scheme-inherit text-left elementor-widget elementor-widget-text-editor\" data-id=\"efc504d\" data-element_type=\"widget\" data-widget_type=\"text-editor.default\">\n\t\t\t\t<div class=\"elementor-widget-container\">\n\t\t\t\t\t\t\t\t\t<ul class=\"unordered-list\"><li>Larghezza: 1,6 cm<\/li><li>Lunghezza: 2,5 cm<\/li><li>Peso: 5,2 g<\/li><li>Lunghezza della catena: 45 cm<\/li><\/ul>\t\t\t\t\t\t\t\t<\/div>\n\t\t\t\t<\/div>\n\t\t\t\t<div class=\"elementor-element elementor-element-2915e51 elementor-widget elementor-widget-shortcode\" data-id=\"2915e51\" data-element_type=\"widget\" data-widget_type=\"shortcode.default\">\n\t\t\t\t<div class=\"elementor-widget-container\">\n\t\t\t\t\t\t\t<div class=\"elementor-shortcode\">\t\t\t<link rel=\"stylesheet\" id=\"elementor-post-32659-css\" href=\"https:\/\/markanluxury.ch\/wp-content\/uploads\/elementor\/css\/post-32659.css?ver=1776288452\" type=\"text\/css\" media=\"all\">\n\t\t\t\t\t<div data-elementor-type=\"wp-post\" data-elementor-id=\"32659\" class=\"elementor elementor-32659 elementor-32647\">\n\t\t\t\t<div class=\"wd-negative-gap elementor-element elementor-element-53d9868 e-flex e-con-boxed e-con e-parent\" data-id=\"53d9868\" data-element_type=\"container\">\n\t\t\t\t\t<div class=\"e-con-inner\">\n\t\t\t\t<div class=\"elementor-element elementor-element-bc94456 elementor-widget elementor-widget-wd_text_block\" data-id=\"bc94456\" data-element_type=\"widget\" data-widget_type=\"wd_text_block.default\">\n\t\t\t\t<div class=\"elementor-widget-container\">\n\t\t\t\t\t\t\t<div class=\"wd-text-block reset-last-child text-left\">\n\t\t\t\n\t\t\t<p><strong>L'autenticit\u00e0 di tutte le gemme \u00e8 garantita<\/strong> - con la garanzia di qualit\u00e0 della nostra azienda.<\/p>\n\t\t\t\t\t<\/div>\n\t\t\t\t\t\t<\/div>\n\t\t\t\t<\/div>\n\t\t\t\t\t<\/div>\n\t\t\t\t<\/div>\n\t\t\t\t<\/div>\n\t\t<\/div>\n\t\t\t\t\t\t<\/div>\n\t\t\t\t<\/div>\n\t\t\t\t<div class=\"elementor-element elementor-element-26bc931 elementor-widget elementor-widget-shortcode\" data-id=\"26bc931\" data-element_type=\"widget\" data-widget_type=\"shortcode.default\">\n\t\t\t\t<div class=\"elementor-widget-container\">\n\t\t\t\t\t\t\t<div class=\"elementor-shortcode\">\t\t\t<link rel=\"stylesheet\" id=\"elementor-post-32689-css\" href=\"https:\/\/markanluxury.ch\/wp-content\/uploads\/elementor\/css\/post-32689.css?ver=1776288600\" type=\"text\/css\" media=\"all\">\n\t\t\t\t\t<div data-elementor-type=\"wp-post\" data-elementor-id=\"32689\" class=\"elementor elementor-32689 elementor-32677\">\n\t\t\t\t<div class=\"wd-negative-gap elementor-element elementor-element-f83c0dc e-flex e-con-boxed e-con e-parent\" data-id=\"f83c0dc\" data-element_type=\"container\">\n\t\t\t\t\t<div class=\"e-con-inner\">\n\t\t\t\t<div class=\"elementor-element elementor-element-d77ffb8 color-scheme-inherit text-left elementor-widget elementor-widget-text-editor\" data-id=\"d77ffb8\" data-element_type=\"widget\" data-widget_type=\"text-editor.default\">\n\t\t\t\t<div class=\"elementor-widget-container\">\n\t\t\t\t\t\t\t\t\t<h3 style=\"font-size: 16px;\"><strong>AGATA \u2013 PIETRA DELLO STRESS<\/strong><\/h3><p>La pietra di agata aiuta ad esprimersi con chiarezza e dona forza emotiva, gioia e ottimismo. A livello metafisico, aiuta a realizzare sogni e ideali; a livello fisico, pu\u00f2 contribuire ad alleviare i dolori. <\/p><p><strong data-start=\"454\" data-end=\"489\">Segni zodiacali compatibili:<\/strong> Acquario, Ariete, Gemelli, Cancro, Leone, Vergine, Bilancia e Capricorno<br data-start=\"559\" data-end=\"562\"><strong data-start=\"562\" data-end=\"584\">Chakra associati:<\/strong> 2\u00b0 Chakra sacrale (zona addominale inferiore)<\/p>\t\t\t\t\t\t\t\t<\/div>\n\t\t\t\t<\/div>\n\t\t\t\t\t<\/div>\n\t\t\t\t<\/div>\n\t\t\t\t<\/div>\n\t\t<\/div>\n\t\t\t\t\t\t<\/div>\n\t\t\t\t<\/div>\n\t\t\t\t<div class=\"elementor-element elementor-element-d61cf2d elementor-widget elementor-widget-shortcode\" data-id=\"d61cf2d\" data-element_type=\"widget\" data-widget_type=\"shortcode.default\">\n\t\t\t\t<div class=\"elementor-widget-container\">\n\t\t\t\t\t\t\t<div class=\"elementor-shortcode\">\t\t\t<link rel=\"stylesheet\" id=\"elementor-post-32706-css\" href=\"https:\/\/markanluxury.ch\/wp-content\/uploads\/elementor\/css\/post-32706.css?ver=1776288452\" type=\"text\/css\" media=\"all\">\n\t\t\t\t\t<div data-elementor-type=\"wp-post\" data-elementor-id=\"32706\" class=\"elementor elementor-32706 elementor-32694\">\n\t\t\t\t<div class=\"wd-negative-gap elementor-element elementor-element-b252260 e-flex e-con-boxed e-con e-parent\" data-id=\"b252260\" data-element_type=\"container\">\n\t\t\t\t\t<div class=\"e-con-inner\">\n\t\t\t\t<div class=\"elementor-element elementor-element-f9ab816 color-scheme-inherit text-left elementor-widget elementor-widget-text-editor\" data-id=\"f9ab816\" data-element_type=\"widget\" data-widget_type=\"text-editor.default\">\n\t\t\t\t<div class=\"elementor-widget-container\">\n\t\t\t\t\t\t\t\t\t<h3 style=\"font-size: 16px;\"><strong>COME PURIFICARE LE PIETRE PREZIOSE?<\/strong><\/h3><p><strong>Incenso:<\/strong> le pietre possono essere purificate energeticamente con l&#8217;incenso. Tieni la pietra in una mano e passala attraverso il fumo per 15-20 secondi per eliminare le energie negative.<\/p><p><strong>Sciacqua con acqua corrente:<\/strong> Sciacqua la pietra sotto l&#8217;acqua corrente per 2 o 3 minuti. Questo metodo aiuta a sciogliere i blocchi energetici.<\/p><p><strong>Enterrement dans la terre:<\/strong> Pour harmoniser l\u2019\u00e9nergie de la pierre, tu peux l&#8217;enterrer dans la terre pendant une journ\u00e9e. Elle se recharge ainsi avec l\u2019\u00e9nergie naturelle de la terre.<\/p>\t\t\t\t\t\t\t\t<\/div>\n\t\t\t\t<\/div>\n\t\t\t\t\t<\/div>\n\t\t\t\t<\/div>\n\t\t\t\t<\/div>\n\t\t<\/div>\n\t\t\t\t\t\t<\/div>\n\t\t\t\t<\/div>\n\t\t\t\t\t<\/div>\n\t\t\t\t<\/div>\n\t\t\t\t<\/div>\n\t\t","protected":false},"excerpt":{"rendered":"<p>Larghezza: 1,6 cm Lunghezza: 2,4 cm Peso: 4 g Lunghezza della catena: 45 cm Larghezza: 1,8 cm Lunghezza: 2,8 cm<\/p>\n","protected":false},"featured_media":32554,"comment_status":"open","ping_status":"closed","template":"","meta":[],"product_brand":[],"product_cat":[222],"product_tag":[],"class_list":{"0":"post-32566","1":"product","2":"type-product","3":"status-publish","4":"has-post-thumbnail","6":"product_cat-pietre-naturali-e-minerali","7":"pa_breite-1-6-cm-it","8":"pa_breite-1-8-cm-it","9":"pa_laenge-2-4-cm-it","10":"pa_laenge-2-5-cm-it","11":"pa_laenge-2-8-cm-it","13":"first","14":"instock","15":"shipping-taxable","16":"purchasable","17":"product-type-variable"},"yoast_head":"<!-- This site is optimized with the Yoast SEO plugin v25.0 - https:\/\/yoast.com\/wordpress\/plugins\/seo\/ -->\n<title>Collana in argento 925 con gemma di agata indonesiana - Markan Luxury<\/title>\n<meta name=\"robots\" content=\"index, follow, max-snippet:-1, max-image-preview:large, max-video-preview:-1\" \/>\n<link rel=\"canonical\" href=\"https:\/\/markanluxury.ch\/it\/shop\/pietre-naturali-e-minerali\/collana-in-argento-925-con-gemma-di-agata-indonesiana\/\" \/>\n<meta property=\"og:locale\" content=\"it_IT\" \/>\n<meta property=\"og:type\" content=\"article\" \/>\n<meta property=\"og:title\" content=\"Collana in argento 925 con gemma di agata indonesiana - Markan Luxury\" \/>\n<meta property=\"og:description\" content=\"Larghezza: 1,6 cm Lunghezza: 2,4 cm Peso: 4 g Lunghezza della catena: 45 cm Larghezza: 1,8 cm Lunghezza: 2,8 cm\" \/>\n<meta property=\"og:url\" content=\"https:\/\/markanluxury.ch\/it\/shop\/pietre-naturali-e-minerali\/collana-in-argento-925-con-gemma-di-agata-indonesiana\/\" \/>\n<meta property=\"og:site_name\" content=\"Markan Luxury\" \/>\n<meta property=\"article:modified_time\" content=\"2025-06-16T08:39:44+00:00\" \/>\n<meta property=\"og:image\" content=\"https:\/\/markanluxury.ch\/wp-content\/uploads\/2025\/06\/bijou-agate-naturelle-indonesie-argent-sterling-925.jpg\" \/>\n\t<meta property=\"og:image:width\" content=\"1200\" \/>\n\t<meta property=\"og:image:height\" content=\"1800\" \/>\n\t<meta property=\"og:image:type\" content=\"image\/jpeg\" \/>\n<meta name=\"twitter:card\" content=\"summary_large_image\" \/>\n<script type=\"application\/ld+json\" class=\"yoast-schema-graph\">{\"@context\":\"https:\/\/schema.org\",\"@graph\":[{\"@type\":\"WebPage\",\"@id\":\"https:\/\/markanluxury.ch\/it\/shop\/pietre-naturali-e-minerali\/collana-in-argento-925-con-gemma-di-agata-indonesiana\/\",\"url\":\"https:\/\/markanluxury.ch\/it\/shop\/pietre-naturali-e-minerali\/collana-in-argento-925-con-gemma-di-agata-indonesiana\/\",\"name\":\"Collana in argento 925 con gemma di agata indonesiana - Markan Luxury\",\"isPartOf\":{\"@id\":\"https:\/\/markanluxury.ch\/it\/#website\"},\"primaryImageOfPage\":{\"@id\":\"https:\/\/markanluxury.ch\/it\/shop\/pietre-naturali-e-minerali\/collana-in-argento-925-con-gemma-di-agata-indonesiana\/#primaryimage\"},\"image\":{\"@id\":\"https:\/\/markanluxury.ch\/it\/shop\/pietre-naturali-e-minerali\/collana-in-argento-925-con-gemma-di-agata-indonesiana\/#primaryimage\"},\"thumbnailUrl\":\"https:\/\/markanluxury.ch\/wp-content\/uploads\/2025\/06\/bijou-agate-naturelle-indonesie-argent-sterling-925.jpg\",\"datePublished\":\"2025-06-11T22:22:20+00:00\",\"dateModified\":\"2025-06-16T08:39:44+00:00\",\"breadcrumb\":{\"@id\":\"https:\/\/markanluxury.ch\/it\/shop\/pietre-naturali-e-minerali\/collana-in-argento-925-con-gemma-di-agata-indonesiana\/#breadcrumb\"},\"inLanguage\":\"it-IT\",\"potentialAction\":[{\"@type\":\"ReadAction\",\"target\":[\"https:\/\/markanluxury.ch\/it\/shop\/pietre-naturali-e-minerali\/collana-in-argento-925-con-gemma-di-agata-indonesiana\/\"]}]},{\"@type\":\"ImageObject\",\"inLanguage\":\"it-IT\",\"@id\":\"https:\/\/markanluxury.ch\/it\/shop\/pietre-naturali-e-minerali\/collana-in-argento-925-con-gemma-di-agata-indonesiana\/#primaryimage\",\"url\":\"https:\/\/markanluxury.ch\/wp-content\/uploads\/2025\/06\/bijou-agate-naturelle-indonesie-argent-sterling-925.jpg\",\"contentUrl\":\"https:\/\/markanluxury.ch\/wp-content\/uploads\/2025\/06\/bijou-agate-naturelle-indonesie-argent-sterling-925.jpg\",\"width\":1200,\"height\":1800,\"caption\":\"Collier en argent 925 avec pierre pr\u00e9cieuse d'agate naturelle d\u2019Indon\u00e9sie, bijou artisanal \u00e9l\u00e9gant.\"},{\"@type\":\"BreadcrumbList\",\"@id\":\"https:\/\/markanluxury.ch\/it\/shop\/pietre-naturali-e-minerali\/collana-in-argento-925-con-gemma-di-agata-indonesiana\/#breadcrumb\",\"itemListElement\":[{\"@type\":\"ListItem\",\"position\":1,\"name\":\"Home\",\"item\":\"https:\/\/markanluxury.ch\/it\/home-markan-negozio-online-di-pietre-preziose-e-pietre-curative-svizzera\/\"},{\"@type\":\"ListItem\",\"position\":2,\"name\":\"Negozio\",\"item\":\"https:\/\/markanluxury.ch\/it\/negozio\/\"},{\"@type\":\"ListItem\",\"position\":3,\"name\":\"Collana in argento 925 con gemma di agata indonesiana\"}]},{\"@type\":\"WebSite\",\"@id\":\"https:\/\/markanluxury.ch\/it\/#website\",\"url\":\"https:\/\/markanluxury.ch\/it\/\",\"name\":\"Markan Luxury\",\"description\":\"Trage Eleganz, sp\u00fcre Energie!\",\"publisher\":{\"@id\":\"https:\/\/markanluxury.ch\/it\/#organization\"},\"potentialAction\":[{\"@type\":\"SearchAction\",\"target\":{\"@type\":\"EntryPoint\",\"urlTemplate\":\"https:\/\/markanluxury.ch\/it\/?s={search_term_string}\"},\"query-input\":{\"@type\":\"PropertyValueSpecification\",\"valueRequired\":true,\"valueName\":\"search_term_string\"}}],\"inLanguage\":\"it-IT\"},{\"@type\":\"Organization\",\"@id\":\"https:\/\/markanluxury.ch\/it\/#organization\",\"name\":\"Markan Luxury\",\"url\":\"https:\/\/markanluxury.ch\/it\/\",\"logo\":{\"@type\":\"ImageObject\",\"inLanguage\":\"it-IT\",\"@id\":\"https:\/\/markanluxury.ch\/it\/#\/schema\/logo\/image\/\",\"url\":\"https:\/\/markanluxury.ch\/wp-content\/uploads\/2025\/04\/markan-logo-transparent.svg\",\"contentUrl\":\"https:\/\/markanluxury.ch\/wp-content\/uploads\/2025\/04\/markan-logo-transparent.svg\",\"width\":81,\"height\":80,\"caption\":\"Markan Luxury\"},\"image\":{\"@id\":\"https:\/\/markanluxury.ch\/it\/#\/schema\/logo\/image\/\"}}]}<\/script>\n<!-- \/ Yoast SEO plugin. -->","yoast_head_json":{"title":"Collana in argento 925 con gemma di agata indonesiana - Markan Luxury","robots":{"index":"index","follow":"follow","max-snippet":"max-snippet:-1","max-image-preview":"max-image-preview:large","max-video-preview":"max-video-preview:-1"},"canonical":"https:\/\/markanluxury.ch\/it\/shop\/pietre-naturali-e-minerali\/collana-in-argento-925-con-gemma-di-agata-indonesiana\/","og_locale":"it_IT","og_type":"article","og_title":"Collana in argento 925 con gemma di agata indonesiana - Markan Luxury","og_description":"Larghezza: 1,6 cm Lunghezza: 2,4 cm Peso: 4 g Lunghezza della catena: 45 cm Larghezza: 1,8 cm Lunghezza: 2,8 cm","og_url":"https:\/\/markanluxury.ch\/it\/shop\/pietre-naturali-e-minerali\/collana-in-argento-925-con-gemma-di-agata-indonesiana\/","og_site_name":"Markan Luxury","article_modified_time":"2025-06-16T08:39:44+00:00","og_image":[{"width":1200,"height":1800,"url":"https:\/\/markanluxury.ch\/wp-content\/uploads\/2025\/06\/bijou-agate-naturelle-indonesie-argent-sterling-925.jpg","type":"image\/jpeg"}],"twitter_card":"summary_large_image","schema":{"@context":"https:\/\/schema.org","@graph":[{"@type":"WebPage","@id":"https:\/\/markanluxury.ch\/it\/shop\/pietre-naturali-e-minerali\/collana-in-argento-925-con-gemma-di-agata-indonesiana\/","url":"https:\/\/markanluxury.ch\/it\/shop\/pietre-naturali-e-minerali\/collana-in-argento-925-con-gemma-di-agata-indonesiana\/","name":"Collana in argento 925 con gemma di agata indonesiana - Markan Luxury","isPartOf":{"@id":"https:\/\/markanluxury.ch\/it\/#website"},"primaryImageOfPage":{"@id":"https:\/\/markanluxury.ch\/it\/shop\/pietre-naturali-e-minerali\/collana-in-argento-925-con-gemma-di-agata-indonesiana\/#primaryimage"},"image":{"@id":"https:\/\/markanluxury.ch\/it\/shop\/pietre-naturali-e-minerali\/collana-in-argento-925-con-gemma-di-agata-indonesiana\/#primaryimage"},"thumbnailUrl":"https:\/\/markanluxury.ch\/wp-content\/uploads\/2025\/06\/bijou-agate-naturelle-indonesie-argent-sterling-925.jpg","datePublished":"2025-06-11T22:22:20+00:00","dateModified":"2025-06-16T08:39:44+00:00","breadcrumb":{"@id":"https:\/\/markanluxury.ch\/it\/shop\/pietre-naturali-e-minerali\/collana-in-argento-925-con-gemma-di-agata-indonesiana\/#breadcrumb"},"inLanguage":"it-IT","potentialAction":[{"@type":"ReadAction","target":["https:\/\/markanluxury.ch\/it\/shop\/pietre-naturali-e-minerali\/collana-in-argento-925-con-gemma-di-agata-indonesiana\/"]}]},{"@type":"ImageObject","inLanguage":"it-IT","@id":"https:\/\/markanluxury.ch\/it\/shop\/pietre-naturali-e-minerali\/collana-in-argento-925-con-gemma-di-agata-indonesiana\/#primaryimage","url":"https:\/\/markanluxury.ch\/wp-content\/uploads\/2025\/06\/bijou-agate-naturelle-indonesie-argent-sterling-925.jpg","contentUrl":"https:\/\/markanluxury.ch\/wp-content\/uploads\/2025\/06\/bijou-agate-naturelle-indonesie-argent-sterling-925.jpg","width":1200,"height":1800,"caption":"Collier en argent 925 avec pierre pr\u00e9cieuse d'agate naturelle d\u2019Indon\u00e9sie, bijou artisanal \u00e9l\u00e9gant."},{"@type":"BreadcrumbList","@id":"https:\/\/markanluxury.ch\/it\/shop\/pietre-naturali-e-minerali\/collana-in-argento-925-con-gemma-di-agata-indonesiana\/#breadcrumb","itemListElement":[{"@type":"ListItem","position":1,"name":"Home","item":"https:\/\/markanluxury.ch\/it\/home-markan-negozio-online-di-pietre-preziose-e-pietre-curative-svizzera\/"},{"@type":"ListItem","position":2,"name":"Negozio","item":"https:\/\/markanluxury.ch\/it\/negozio\/"},{"@type":"ListItem","position":3,"name":"Collana in argento 925 con gemma di agata indonesiana"}]},{"@type":"WebSite","@id":"https:\/\/markanluxury.ch\/it\/#website","url":"https:\/\/markanluxury.ch\/it\/","name":"Markan Luxury","description":"Trage Eleganz, sp\u00fcre Energie!","publisher":{"@id":"https:\/\/markanluxury.ch\/it\/#organization"},"potentialAction":[{"@type":"SearchAction","target":{"@type":"EntryPoint","urlTemplate":"https:\/\/markanluxury.ch\/it\/?s={search_term_string}"},"query-input":{"@type":"PropertyValueSpecification","valueRequired":true,"valueName":"search_term_string"}}],"inLanguage":"it-IT"},{"@type":"Organization","@id":"https:\/\/markanluxury.ch\/it\/#organization","name":"Markan Luxury","url":"https:\/\/markanluxury.ch\/it\/","logo":{"@type":"ImageObject","inLanguage":"it-IT","@id":"https:\/\/markanluxury.ch\/it\/#\/schema\/logo\/image\/","url":"https:\/\/markanluxury.ch\/wp-content\/uploads\/2025\/04\/markan-logo-transparent.svg","contentUrl":"https:\/\/markanluxury.ch\/wp-content\/uploads\/2025\/04\/markan-logo-transparent.svg","width":81,"height":80,"caption":"Markan Luxury"},"image":{"@id":"https:\/\/markanluxury.ch\/it\/#\/schema\/logo\/image\/"}}]}},"_links":{"self":[{"href":"https:\/\/markanluxury.ch\/it\/wp-json\/wp\/v2\/product\/32566","targetHints":{"allow":["GET"]}}],"collection":[{"href":"https:\/\/markanluxury.ch\/it\/wp-json\/wp\/v2\/product"}],"about":[{"href":"https:\/\/markanluxury.ch\/it\/wp-json\/wp\/v2\/types\/product"}],"replies":[{"embeddable":true,"href":"https:\/\/markanluxury.ch\/it\/wp-json\/wp\/v2\/comments?post=32566"}],"version-history":[{"count":2,"href":"https:\/\/markanluxury.ch\/it\/wp-json\/wp\/v2\/product\/32566\/revisions"}],"predecessor-version":[{"id":32716,"href":"https:\/\/markanluxury.ch\/it\/wp-json\/wp\/v2\/product\/32566\/revisions\/32716"}],"wp:featuredmedia":[{"embeddable":true,"href":"https:\/\/markanluxury.ch\/it\/wp-json\/wp\/v2\/media\/32554"}],"wp:attachment":[{"href":"https:\/\/markanluxury.ch\/it\/wp-json\/wp\/v2\/media?parent=32566"}],"wp:term":[{"taxonomy":"product_brand","embeddable":true,"href":"https:\/\/markanluxury.ch\/it\/wp-json\/wp\/v2\/product_brand?post=32566"},{"taxonomy":"product_cat","embeddable":true,"href":"https:\/\/markanluxury.ch\/it\/wp-json\/wp\/v2\/product_cat?post=32566"},{"taxonomy":"product_tag","embeddable":true,"href":"https:\/\/markanluxury.ch\/it\/wp-json\/wp\/v2\/product_tag?post=32566"}],"curies":[{"name":"wp","href":"https:\/\/api.w.org\/{rel}","templated":true}]}}