{"id":33172,"date":"2025-06-19T04:49:47","date_gmt":"2025-06-19T02:49:47","guid":{"rendered":"https:\/\/markanluxury.ch\/?post_type=product&#038;p=33172"},"modified":"2025-06-19T04:52:01","modified_gmt":"2025-06-19T02:52:01","slug":"collier-dambre-goutte-pour-bebe-poussee-dentaire-33-cm","status":"publish","type":"product","link":"https:\/\/markanluxury.ch\/fr\/shop\/pierres-naturelles-mineraux\/ambre\/colliers-pour-bebe-en-ambre\/collier-dambre-goutte-pour-bebe-poussee-dentaire-33-cm\/","title":{"rendered":"Collier d\u2019ambre goutte pour b\u00e9b\u00e9 pouss\u00e9e dentaire &#8211; 33 cm"},"content":{"rendered":"\t\t<div data-elementor-type=\"wp-post\" data-elementor-id=\"33172\" class=\"elementor elementor-33172\">\n\t\t\t\t<div class=\"wd-negative-gap elementor-element elementor-element-5f470ff e-flex e-con-boxed e-con e-parent\" data-id=\"5f470ff\" data-element_type=\"container\">\n\t\t\t\t\t<div class=\"e-con-inner\">\n\t\t\t\t<div class=\"elementor-element elementor-element-6073987 elementor-widget elementor-widget-shortcode\" data-id=\"6073987\" data-element_type=\"widget\" data-widget_type=\"shortcode.default\">\n\t\t\t\t<div class=\"elementor-widget-container\">\n\t\t\t\t\t\t\t<div class=\"elementor-shortcode\">\t\t\t<link rel=\"stylesheet\" id=\"elementor-post-32661-css\" href=\"https:\/\/markanluxury.ch\/wp-content\/uploads\/elementor\/css\/post-32661.css?ver=1775727615\" type=\"text\/css\" media=\"all\">\n\t\t\t\t\t<div data-elementor-type=\"wp-post\" data-elementor-id=\"32661\" class=\"elementor elementor-32661\">\n\t\t\t\t<div class=\"wd-negative-gap elementor-element elementor-element-985f0d6 e-flex e-con-boxed e-con e-parent\" data-id=\"985f0d6\" data-element_type=\"container\">\n\t\t\t\t\t<div class=\"e-con-inner\">\n\t\t\t\t<div class=\"elementor-element elementor-element-d45bf68 elementor-widget elementor-widget-wd_text_block\" data-id=\"d45bf68\" data-element_type=\"widget\" data-widget_type=\"wd_text_block.default\">\n\t\t\t\t<div class=\"elementor-widget-container\">\n\t\t\t\t\t\t\t<div class=\"wd-text-block reset-last-child text-left\">\n\t\t\t\n\t\t\t<p>La photo du produit est une image repr\u00e9sentative. Il peut y avoir de l\u00e9g\u00e8res diff\u00e9rences dans les couleurs, les poids et les dimensions.<\/p>\n\t\t\t\t\t<\/div>\n\t\t\t\t\t\t<\/div>\n\t\t\t\t<\/div>\n\t\t\t\t\t<\/div>\n\t\t\t\t<\/div>\n\t\t\t\t<\/div>\n\t\t<\/div>\n\t\t\t\t\t\t<\/div>\n\t\t\t\t<\/div>\n\t\t\t\t<div class=\"elementor-element elementor-element-6642fab elementor-widget elementor-widget-shortcode\" data-id=\"6642fab\" data-element_type=\"widget\" data-widget_type=\"shortcode.default\">\n\t\t\t\t<div class=\"elementor-widget-container\">\n\t\t\t\t\t\t\t<div class=\"elementor-shortcode\">\t\t\t<link rel=\"stylesheet\" id=\"elementor-post-32614-css\" href=\"https:\/\/markanluxury.ch\/wp-content\/uploads\/elementor\/css\/post-32614.css?ver=1775727615\" type=\"text\/css\" media=\"all\">\n\t\t\t\t\t<div data-elementor-type=\"wp-post\" data-elementor-id=\"32614\" class=\"elementor elementor-32614\">\n\t\t\t\t<div class=\"wd-negative-gap elementor-element elementor-element-b9a5d7c e-flex e-con-boxed e-con e-parent\" data-id=\"b9a5d7c\" data-element_type=\"container\">\n\t\t\t\t\t<div class=\"e-con-inner\">\n\t\t\t\t<div class=\"elementor-element elementor-element-d29d54e color-scheme-inherit text-left elementor-widget elementor-widget-text-editor\" data-id=\"d29d54e\" data-element_type=\"widget\" data-widget_type=\"text-editor.default\">\n\t\t\t\t<div class=\"elementor-widget-container\">\n\t\t\t\t\t\t\t\t\t<h3 style=\"font-size: 16px;\"><strong>DIMENSIONS DU PRODUIT<\/strong><\/h3>\t\t\t\t\t\t\t\t<\/div>\n\t\t\t\t<\/div>\n\t\t\t\t\t<\/div>\n\t\t\t\t<\/div>\n\t\t\t\t<\/div>\n\t\t<\/div>\n\t\t\t\t\t\t<\/div>\n\t\t\t\t<\/div>\n\t\t\t\t<div class=\"elementor-element elementor-element-aa50cb5 color-scheme-inherit text-left elementor-widget elementor-widget-text-editor\" data-id=\"aa50cb5\" data-element_type=\"widget\" data-widget_type=\"text-editor.default\">\n\t\t\t\t<div class=\"elementor-widget-container\">\n\t\t\t\t\t\t\t\t\t<ul class=\"unordered-list\"><li>Largeur: 5 mm<\/li><li>Longueur: 4 mm<\/li><li>Poids: 5,5 g<\/li><li>Longueur Totale: 33 cm<\/li><\/ul>\t\t\t\t\t\t\t\t<\/div>\n\t\t\t\t<\/div>\n\t\t\t\t<div class=\"elementor-element elementor-element-bae124e elementor-widget elementor-widget-shortcode\" data-id=\"bae124e\" data-element_type=\"widget\" data-widget_type=\"shortcode.default\">\n\t\t\t\t<div class=\"elementor-widget-container\">\n\t\t\t\t\t\t\t<div class=\"elementor-shortcode\">\t\t\t<link rel=\"stylesheet\" id=\"elementor-post-32647-css\" href=\"https:\/\/markanluxury.ch\/wp-content\/uploads\/elementor\/css\/post-32647.css?ver=1775727615\" type=\"text\/css\" media=\"all\">\n\t\t\t\t\t<div data-elementor-type=\"wp-post\" data-elementor-id=\"32647\" class=\"elementor elementor-32647\">\n\t\t\t\t<div class=\"wd-negative-gap elementor-element elementor-element-53d9868 e-flex e-con-boxed e-con e-parent\" data-id=\"53d9868\" data-element_type=\"container\">\n\t\t\t\t\t<div class=\"e-con-inner\">\n\t\t\t\t<div class=\"elementor-element elementor-element-bc94456 elementor-widget elementor-widget-wd_text_block\" data-id=\"bc94456\" data-element_type=\"widget\" data-widget_type=\"wd_text_block.default\">\n\t\t\t\t<div class=\"elementor-widget-container\">\n\t\t\t\t\t\t\t<div class=\"wd-text-block reset-last-child text-left\">\n\t\t\t\n\t\t\t<p><strong>Authenticit\u00e9 de toutes les pierres pr\u00e9cieuses garantie<\/strong>\u00a0- avec l'assurance qualit\u00e9 de notre entreprise.<\/p>\n\t\t\t\t\t<\/div>\n\t\t\t\t\t\t<\/div>\n\t\t\t\t<\/div>\n\t\t\t\t\t<\/div>\n\t\t\t\t<\/div>\n\t\t\t\t<\/div>\n\t\t<\/div>\n\t\t\t\t\t\t<\/div>\n\t\t\t\t<\/div>\n\t\t\t\t<div class=\"elementor-element elementor-element-0e2eea3 elementor-widget elementor-widget-shortcode\" data-id=\"0e2eea3\" data-element_type=\"widget\" data-widget_type=\"shortcode.default\">\n\t\t\t\t<div class=\"elementor-widget-container\">\n\t\t\t\t\t\t\t<div class=\"elementor-shortcode\">\t\t\t<link rel=\"stylesheet\" id=\"elementor-post-32950-css\" href=\"https:\/\/markanluxury.ch\/wp-content\/uploads\/elementor\/css\/post-32950.css?ver=1775727615\" type=\"text\/css\" media=\"all\">\n\t\t\t\t\t<div data-elementor-type=\"wp-post\" data-elementor-id=\"32950\" class=\"elementor elementor-32950\">\n\t\t\t\t<div class=\"wd-negative-gap elementor-element elementor-element-6f376a0 e-flex e-con-boxed e-con e-parent\" data-id=\"6f376a0\" data-element_type=\"container\">\n\t\t\t\t\t<div class=\"e-con-inner\">\n\t\t\t\t<div class=\"elementor-element elementor-element-63ba3bc color-scheme-inherit text-left elementor-widget elementor-widget-text-editor\" data-id=\"63ba3bc\" data-element_type=\"widget\" data-widget_type=\"text-editor.default\">\n\t\t\t\t<div class=\"elementor-widget-container\">\n\t\t\t\t\t\t\t\t\t<h3 style=\"font-size: 16px;\"><strong>AMBRE \u2013 PIERRE DE GU\u00c9RISON ORGANIQUE<\/strong><\/h3><p data-start=\"258\" data-end=\"513\">L\u2019ambre est une mati\u00e8re organique pr\u00e9cieuse pour la sant\u00e9 humaine. Elle aide \u00e0 r\u00e9guler la thyro\u00efde et soulage les b\u00e9b\u00e9s pendant les p\u00e9riodes de pouss\u00e9e dentaire. Depuis l\u2019Antiquit\u00e9, l\u2019ambre est utilis\u00e9e \u00e0 des fins th\u00e9rapeutiques comme analg\u00e9sique naturel.<\/p><p data-start=\"515\" data-end=\"623\"><strong data-start=\"515\" data-end=\"550\">Signes astrologiques associ\u00e9s :<\/strong> Lion, Verseau et Sagittaire<br data-start=\"578\" data-end=\"581\" \/><strong data-start=\"581\" data-end=\"603\">Chakras associ\u00e9s :<\/strong> 2e Chakra du ventre<\/p>\t\t\t\t\t\t\t\t<\/div>\n\t\t\t\t<\/div>\n\t\t\t\t\t<\/div>\n\t\t\t\t<\/div>\n\t\t\t\t<\/div>\n\t\t<\/div>\n\t\t\t\t\t\t<\/div>\n\t\t\t\t<\/div>\n\t\t\t\t<div class=\"elementor-element elementor-element-b3601a0 elementor-widget elementor-widget-shortcode\" data-id=\"b3601a0\" data-element_type=\"widget\" data-widget_type=\"shortcode.default\">\n\t\t\t\t<div class=\"elementor-widget-container\">\n\t\t\t\t\t\t\t<div class=\"elementor-shortcode\">\t\t\t<link rel=\"stylesheet\" id=\"elementor-post-32694-css\" href=\"https:\/\/markanluxury.ch\/wp-content\/uploads\/elementor\/css\/post-32694.css?ver=1775727615\" type=\"text\/css\" media=\"all\">\n\t\t\t\t\t<div data-elementor-type=\"wp-post\" data-elementor-id=\"32694\" class=\"elementor elementor-32694\">\n\t\t\t\t<div class=\"wd-negative-gap elementor-element elementor-element-b252260 e-flex e-con-boxed e-con e-parent\" data-id=\"b252260\" data-element_type=\"container\">\n\t\t\t\t\t<div class=\"e-con-inner\">\n\t\t\t\t<div class=\"elementor-element elementor-element-f9ab816 color-scheme-inherit text-left elementor-widget elementor-widget-text-editor\" data-id=\"f9ab816\" data-element_type=\"widget\" data-widget_type=\"text-editor.default\">\n\t\t\t\t<div class=\"elementor-widget-container\">\n\t\t\t\t\t\t\t\t\t<h3 style=\"font-size: 16px;\"><strong>COMMENT PURIFIER LES PIERRES PR\u00c9CIEUSES?<\/strong><\/h3><p><strong>Encens:<\/strong> Les pierres peuvent \u00eatre purifi\u00e9es \u00e9nerg\u00e9tiquement avec de l&rsquo;encens. Tiens la pierre dans une main et passe-la pendant 15 \u00e0 20 secondes dans la fum\u00e9e pour \u00e9liminer les \u00e9nergies n\u00e9gatives.<\/p><p><strong>Eau courante:<\/strong> Rince la pierre sous l&rsquo;eau claire pendant 2 \u00e0 3 minutes. Cette m\u00e9thode aide \u00e0 dissoudre les blocages \u00e9nerg\u00e9tiques.<\/p><p><strong>Enterrement dans la terre:<\/strong> Pour harmoniser l\u2019\u00e9nergie de la pierre, tu peux l&rsquo;enterrer dans la terre pendant une journ\u00e9e. Elle se recharge ainsi avec l\u2019\u00e9nergie naturelle de la terre.<\/p>\t\t\t\t\t\t\t\t<\/div>\n\t\t\t\t<\/div>\n\t\t\t\t\t<\/div>\n\t\t\t\t<\/div>\n\t\t\t\t<\/div>\n\t\t<\/div>\n\t\t\t\t\t\t<\/div>\n\t\t\t\t<\/div>\n\t\t\t\t<div class=\"elementor-element elementor-element-de4cc0c elementor-widget-divider--view-line elementor-widget elementor-widget-divider\" data-id=\"de4cc0c\" data-element_type=\"widget\" data-widget_type=\"divider.default\">\n\t\t\t\t<div class=\"elementor-widget-container\">\n\t\t\t\t\t\t\t<div class=\"elementor-divider\">\n\t\t\t<span class=\"elementor-divider-separator\">\n\t\t\t\t\t\t<\/span>\n\t\t<\/div>\n\t\t\t\t\t\t<\/div>\n\t\t\t\t<\/div>\n\t\t\t\t<div class=\"elementor-element elementor-element-20dd0e9 wd-single-meta text-left elementor-widget elementor-widget-wd_single_product_meta\" data-id=\"20dd0e9\" data-element_type=\"widget\" data-widget_type=\"wd_single_product_meta.default\">\n\t\t\t\t<div class=\"elementor-widget-container\">\n\t\t\t\t\t\n<div class=\"product_meta wd-layout-default\">\n\t\n\t\t\t\n\t\t<span class=\"sku_wrapper\">\n\t\t\t<span class=\"meta-label\">\n\t\t\t\tUGS\u00a0:\t\t\t<\/span>\n\t\t\t<span class=\"sku\">\n\t\t\t\tMARKAN-9010\t\t\t<\/span>\n\t\t<\/span>\n\t\n\t\t\t<span class=\"posted_in\"><span class=\"meta-label\">Cat\u00e9gories\u00a0:<\/span> <a href=\"https:\/\/markanluxury.ch\/fr\/categorie-produit\/pierres-naturelles-mineraux\/ambre\/\" rel=\"tag\">Ambre<\/a><span class=\"meta-sep\">,<\/span> <a href=\"https:\/\/markanluxury.ch\/fr\/categorie-produit\/pierres-naturelles-mineraux\/ambre\/colliers-pour-bebe-en-ambre\/\" rel=\"tag\">Colliers pour b\u00e9b\u00e9 en ambre<\/a><span class=\"meta-sep\">,<\/span> <a href=\"https:\/\/markanluxury.ch\/fr\/categorie-produit\/pierres-naturelles-mineraux\/\" rel=\"tag\">Pierres naturelles &amp; min\u00e9raux<\/a><\/span>\t\n\t\t\t<span class=\"tagged_as\"><span class=\"meta-label\">\u00c9tiquette\u00a0:<\/span> <a href=\"https:\/\/markanluxury.ch\/fr\/etiquette-produit\/colliers-de-dentition\/\" rel=\"tag\">Colliers de Dentition<\/a><\/span>\t\n\t\t\t\t\n\t<\/div>\n\t\t\t\t<\/div>\n\t\t\t\t<\/div>\n\t\t\t\t\t<\/div>\n\t\t\t\t<\/div>\n\t\t\t\t<\/div>\n\t\t","protected":false},"excerpt":{"rendered":"<p>Largeur: 5 mm Longueur: 4 mm Poids: 5,5 g Longueur Totale: 33 cm Stok kodu: MARKAN-9010 Kategoriler: Ambre, colliers b\u00e9b\u00e9<\/p>\n","protected":false},"featured_media":33178,"comment_status":"open","ping_status":"closed","template":"","meta":[],"product_brand":[],"product_cat":[242,377,220],"product_tag":[675],"class_list":{"0":"post-33172","1":"product","2":"type-product","3":"status-publish","4":"has-post-thumbnail","6":"product_cat-ambre","7":"product_cat-colliers-pour-bebe-en-ambre","8":"product_cat-pierres-naturelles-mineraux","9":"product_tag-colliers-de-dentition","11":"first","12":"instock","13":"shipping-taxable","14":"purchasable","15":"product-type-simple"},"yoast_head":"<!-- This site is optimized with the Yoast SEO plugin v25.0 - https:\/\/yoast.com\/wordpress\/plugins\/seo\/ -->\n<title>Collier d\u2019ambre goutte pour b\u00e9b\u00e9 pouss\u00e9e dentaire - 33 cm - Markan Luxury<\/title>\n<meta name=\"robots\" content=\"index, follow, max-snippet:-1, max-image-preview:large, max-video-preview:-1\" \/>\n<link rel=\"canonical\" href=\"https:\/\/markanluxury.ch\/fr\/shop\/pierres-naturelles-mineraux\/ambre\/colliers-pour-bebe-en-ambre\/collier-dambre-goutte-pour-bebe-poussee-dentaire-33-cm\/\" \/>\n<meta property=\"og:locale\" content=\"fr_FR\" \/>\n<meta property=\"og:type\" content=\"article\" \/>\n<meta property=\"og:title\" content=\"Collier d\u2019ambre goutte pour b\u00e9b\u00e9 pouss\u00e9e dentaire - 33 cm - Markan Luxury\" \/>\n<meta property=\"og:description\" content=\"Largeur: 5 mm Longueur: 4 mm Poids: 5,5 g Longueur Totale: 33 cm Stok kodu: MARKAN-9010 Kategoriler: Ambre, colliers b\u00e9b\u00e9\" \/>\n<meta property=\"og:url\" content=\"https:\/\/markanluxury.ch\/fr\/shop\/pierres-naturelles-mineraux\/ambre\/colliers-pour-bebe-en-ambre\/collier-dambre-goutte-pour-bebe-poussee-dentaire-33-cm\/\" \/>\n<meta property=\"og:site_name\" content=\"Markan Luxury\" \/>\n<meta property=\"article:modified_time\" content=\"2025-06-19T02:52:01+00:00\" \/>\n<meta property=\"og:image\" content=\"https:\/\/markanluxury.ch\/wp-content\/uploads\/2025\/06\/collier-ambre-goutte-bebe-poussee-dentaire-33-cm-1.jpg\" \/>\n\t<meta property=\"og:image:width\" content=\"1200\" \/>\n\t<meta property=\"og:image:height\" content=\"1800\" \/>\n\t<meta property=\"og:image:type\" content=\"image\/jpeg\" \/>\n<meta name=\"twitter:card\" content=\"summary_large_image\" \/>\n<meta name=\"twitter:label1\" content=\"Dur\u00e9e de lecture estim\u00e9e\" \/>\n\t<meta name=\"twitter:data1\" content=\"2 minutes\" \/>\n<script type=\"application\/ld+json\" class=\"yoast-schema-graph\">{\"@context\":\"https:\/\/schema.org\",\"@graph\":[{\"@type\":\"WebPage\",\"@id\":\"https:\/\/markanluxury.ch\/fr\/shop\/pierres-naturelles-mineraux\/ambre\/colliers-pour-bebe-en-ambre\/collier-dambre-goutte-pour-bebe-poussee-dentaire-33-cm\/\",\"url\":\"https:\/\/markanluxury.ch\/fr\/shop\/pierres-naturelles-mineraux\/ambre\/colliers-pour-bebe-en-ambre\/collier-dambre-goutte-pour-bebe-poussee-dentaire-33-cm\/\",\"name\":\"Collier d\u2019ambre goutte pour b\u00e9b\u00e9 pouss\u00e9e dentaire - 33 cm - Markan Luxury\",\"isPartOf\":{\"@id\":\"https:\/\/markanluxury.ch\/fr\/#website\"},\"primaryImageOfPage\":{\"@id\":\"https:\/\/markanluxury.ch\/fr\/shop\/pierres-naturelles-mineraux\/ambre\/colliers-pour-bebe-en-ambre\/collier-dambre-goutte-pour-bebe-poussee-dentaire-33-cm\/#primaryimage\"},\"image\":{\"@id\":\"https:\/\/markanluxury.ch\/fr\/shop\/pierres-naturelles-mineraux\/ambre\/colliers-pour-bebe-en-ambre\/collier-dambre-goutte-pour-bebe-poussee-dentaire-33-cm\/#primaryimage\"},\"thumbnailUrl\":\"https:\/\/markanluxury.ch\/wp-content\/uploads\/2025\/06\/collier-ambre-goutte-bebe-poussee-dentaire-33-cm-1.jpg\",\"datePublished\":\"2025-06-19T02:49:47+00:00\",\"dateModified\":\"2025-06-19T02:52:01+00:00\",\"breadcrumb\":{\"@id\":\"https:\/\/markanluxury.ch\/fr\/shop\/pierres-naturelles-mineraux\/ambre\/colliers-pour-bebe-en-ambre\/collier-dambre-goutte-pour-bebe-poussee-dentaire-33-cm\/#breadcrumb\"},\"inLanguage\":\"fr-FR\",\"potentialAction\":[{\"@type\":\"ReadAction\",\"target\":[\"https:\/\/markanluxury.ch\/fr\/shop\/pierres-naturelles-mineraux\/ambre\/colliers-pour-bebe-en-ambre\/collier-dambre-goutte-pour-bebe-poussee-dentaire-33-cm\/\"]}]},{\"@type\":\"ImageObject\",\"inLanguage\":\"fr-FR\",\"@id\":\"https:\/\/markanluxury.ch\/fr\/shop\/pierres-naturelles-mineraux\/ambre\/colliers-pour-bebe-en-ambre\/collier-dambre-goutte-pour-bebe-poussee-dentaire-33-cm\/#primaryimage\",\"url\":\"https:\/\/markanluxury.ch\/wp-content\/uploads\/2025\/06\/collier-ambre-goutte-bebe-poussee-dentaire-33-cm-1.jpg\",\"contentUrl\":\"https:\/\/markanluxury.ch\/wp-content\/uploads\/2025\/06\/collier-ambre-goutte-bebe-poussee-dentaire-33-cm-1.jpg\",\"width\":1200,\"height\":1800,\"caption\":\"Collier d\u2019ambre naturel goutte pour b\u00e9b\u00e9, vue de face.\"},{\"@type\":\"BreadcrumbList\",\"@id\":\"https:\/\/markanluxury.ch\/fr\/shop\/pierres-naturelles-mineraux\/ambre\/colliers-pour-bebe-en-ambre\/collier-dambre-goutte-pour-bebe-poussee-dentaire-33-cm\/#breadcrumb\",\"itemListElement\":[{\"@type\":\"ListItem\",\"position\":1,\"name\":\"Home\",\"item\":\"https:\/\/markanluxury.ch\/fr\/accueil-markan-pierres-precieuses-bijoux-en-pierre-de-guerison-boutique-en-ligne-suisse\/\"},{\"@type\":\"ListItem\",\"position\":2,\"name\":\"Boutique\",\"item\":\"https:\/\/markanluxury.ch\/fr\/boutique\/\"},{\"@type\":\"ListItem\",\"position\":3,\"name\":\"Collier d\u2019ambre goutte pour b\u00e9b\u00e9 pouss\u00e9e dentaire &#8211; 33 cm\"}]},{\"@type\":\"WebSite\",\"@id\":\"https:\/\/markanluxury.ch\/fr\/#website\",\"url\":\"https:\/\/markanluxury.ch\/fr\/\",\"name\":\"Markan Luxury\",\"description\":\"Trage Eleganz, sp\u00fcre Energie!\",\"publisher\":{\"@id\":\"https:\/\/markanluxury.ch\/fr\/#organization\"},\"potentialAction\":[{\"@type\":\"SearchAction\",\"target\":{\"@type\":\"EntryPoint\",\"urlTemplate\":\"https:\/\/markanluxury.ch\/fr\/?s={search_term_string}\"},\"query-input\":{\"@type\":\"PropertyValueSpecification\",\"valueRequired\":true,\"valueName\":\"search_term_string\"}}],\"inLanguage\":\"fr-FR\"},{\"@type\":\"Organization\",\"@id\":\"https:\/\/markanluxury.ch\/fr\/#organization\",\"name\":\"Markan Luxury\",\"url\":\"https:\/\/markanluxury.ch\/fr\/\",\"logo\":{\"@type\":\"ImageObject\",\"inLanguage\":\"fr-FR\",\"@id\":\"https:\/\/markanluxury.ch\/fr\/#\/schema\/logo\/image\/\",\"url\":\"https:\/\/markanluxury.ch\/wp-content\/uploads\/2025\/04\/markan-logo-transparent.svg\",\"contentUrl\":\"https:\/\/markanluxury.ch\/wp-content\/uploads\/2025\/04\/markan-logo-transparent.svg\",\"width\":81,\"height\":80,\"caption\":\"Markan Luxury\"},\"image\":{\"@id\":\"https:\/\/markanluxury.ch\/fr\/#\/schema\/logo\/image\/\"}}]}<\/script>\n<!-- \/ Yoast SEO plugin. -->","yoast_head_json":{"title":"Collier d\u2019ambre goutte pour b\u00e9b\u00e9 pouss\u00e9e dentaire - 33 cm - Markan Luxury","robots":{"index":"index","follow":"follow","max-snippet":"max-snippet:-1","max-image-preview":"max-image-preview:large","max-video-preview":"max-video-preview:-1"},"canonical":"https:\/\/markanluxury.ch\/fr\/shop\/pierres-naturelles-mineraux\/ambre\/colliers-pour-bebe-en-ambre\/collier-dambre-goutte-pour-bebe-poussee-dentaire-33-cm\/","og_locale":"fr_FR","og_type":"article","og_title":"Collier d\u2019ambre goutte pour b\u00e9b\u00e9 pouss\u00e9e dentaire - 33 cm - Markan Luxury","og_description":"Largeur: 5 mm Longueur: 4 mm Poids: 5,5 g Longueur Totale: 33 cm Stok kodu: MARKAN-9010 Kategoriler: Ambre, colliers b\u00e9b\u00e9","og_url":"https:\/\/markanluxury.ch\/fr\/shop\/pierres-naturelles-mineraux\/ambre\/colliers-pour-bebe-en-ambre\/collier-dambre-goutte-pour-bebe-poussee-dentaire-33-cm\/","og_site_name":"Markan Luxury","article_modified_time":"2025-06-19T02:52:01+00:00","og_image":[{"width":1200,"height":1800,"url":"https:\/\/markanluxury.ch\/wp-content\/uploads\/2025\/06\/collier-ambre-goutte-bebe-poussee-dentaire-33-cm-1.jpg","type":"image\/jpeg"}],"twitter_card":"summary_large_image","twitter_misc":{"Dur\u00e9e de lecture estim\u00e9e":"2 minutes"},"schema":{"@context":"https:\/\/schema.org","@graph":[{"@type":"WebPage","@id":"https:\/\/markanluxury.ch\/fr\/shop\/pierres-naturelles-mineraux\/ambre\/colliers-pour-bebe-en-ambre\/collier-dambre-goutte-pour-bebe-poussee-dentaire-33-cm\/","url":"https:\/\/markanluxury.ch\/fr\/shop\/pierres-naturelles-mineraux\/ambre\/colliers-pour-bebe-en-ambre\/collier-dambre-goutte-pour-bebe-poussee-dentaire-33-cm\/","name":"Collier d\u2019ambre goutte pour b\u00e9b\u00e9 pouss\u00e9e dentaire - 33 cm - Markan Luxury","isPartOf":{"@id":"https:\/\/markanluxury.ch\/fr\/#website"},"primaryImageOfPage":{"@id":"https:\/\/markanluxury.ch\/fr\/shop\/pierres-naturelles-mineraux\/ambre\/colliers-pour-bebe-en-ambre\/collier-dambre-goutte-pour-bebe-poussee-dentaire-33-cm\/#primaryimage"},"image":{"@id":"https:\/\/markanluxury.ch\/fr\/shop\/pierres-naturelles-mineraux\/ambre\/colliers-pour-bebe-en-ambre\/collier-dambre-goutte-pour-bebe-poussee-dentaire-33-cm\/#primaryimage"},"thumbnailUrl":"https:\/\/markanluxury.ch\/wp-content\/uploads\/2025\/06\/collier-ambre-goutte-bebe-poussee-dentaire-33-cm-1.jpg","datePublished":"2025-06-19T02:49:47+00:00","dateModified":"2025-06-19T02:52:01+00:00","breadcrumb":{"@id":"https:\/\/markanluxury.ch\/fr\/shop\/pierres-naturelles-mineraux\/ambre\/colliers-pour-bebe-en-ambre\/collier-dambre-goutte-pour-bebe-poussee-dentaire-33-cm\/#breadcrumb"},"inLanguage":"fr-FR","potentialAction":[{"@type":"ReadAction","target":["https:\/\/markanluxury.ch\/fr\/shop\/pierres-naturelles-mineraux\/ambre\/colliers-pour-bebe-en-ambre\/collier-dambre-goutte-pour-bebe-poussee-dentaire-33-cm\/"]}]},{"@type":"ImageObject","inLanguage":"fr-FR","@id":"https:\/\/markanluxury.ch\/fr\/shop\/pierres-naturelles-mineraux\/ambre\/colliers-pour-bebe-en-ambre\/collier-dambre-goutte-pour-bebe-poussee-dentaire-33-cm\/#primaryimage","url":"https:\/\/markanluxury.ch\/wp-content\/uploads\/2025\/06\/collier-ambre-goutte-bebe-poussee-dentaire-33-cm-1.jpg","contentUrl":"https:\/\/markanluxury.ch\/wp-content\/uploads\/2025\/06\/collier-ambre-goutte-bebe-poussee-dentaire-33-cm-1.jpg","width":1200,"height":1800,"caption":"Collier d\u2019ambre naturel goutte pour b\u00e9b\u00e9, vue de face."},{"@type":"BreadcrumbList","@id":"https:\/\/markanluxury.ch\/fr\/shop\/pierres-naturelles-mineraux\/ambre\/colliers-pour-bebe-en-ambre\/collier-dambre-goutte-pour-bebe-poussee-dentaire-33-cm\/#breadcrumb","itemListElement":[{"@type":"ListItem","position":1,"name":"Home","item":"https:\/\/markanluxury.ch\/fr\/accueil-markan-pierres-precieuses-bijoux-en-pierre-de-guerison-boutique-en-ligne-suisse\/"},{"@type":"ListItem","position":2,"name":"Boutique","item":"https:\/\/markanluxury.ch\/fr\/boutique\/"},{"@type":"ListItem","position":3,"name":"Collier d\u2019ambre goutte pour b\u00e9b\u00e9 pouss\u00e9e dentaire &#8211; 33 cm"}]},{"@type":"WebSite","@id":"https:\/\/markanluxury.ch\/fr\/#website","url":"https:\/\/markanluxury.ch\/fr\/","name":"Markan Luxury","description":"Trage Eleganz, sp\u00fcre Energie!","publisher":{"@id":"https:\/\/markanluxury.ch\/fr\/#organization"},"potentialAction":[{"@type":"SearchAction","target":{"@type":"EntryPoint","urlTemplate":"https:\/\/markanluxury.ch\/fr\/?s={search_term_string}"},"query-input":{"@type":"PropertyValueSpecification","valueRequired":true,"valueName":"search_term_string"}}],"inLanguage":"fr-FR"},{"@type":"Organization","@id":"https:\/\/markanluxury.ch\/fr\/#organization","name":"Markan Luxury","url":"https:\/\/markanluxury.ch\/fr\/","logo":{"@type":"ImageObject","inLanguage":"fr-FR","@id":"https:\/\/markanluxury.ch\/fr\/#\/schema\/logo\/image\/","url":"https:\/\/markanluxury.ch\/wp-content\/uploads\/2025\/04\/markan-logo-transparent.svg","contentUrl":"https:\/\/markanluxury.ch\/wp-content\/uploads\/2025\/04\/markan-logo-transparent.svg","width":81,"height":80,"caption":"Markan Luxury"},"image":{"@id":"https:\/\/markanluxury.ch\/fr\/#\/schema\/logo\/image\/"}}]}},"_links":{"self":[{"href":"https:\/\/markanluxury.ch\/fr\/wp-json\/wp\/v2\/product\/33172","targetHints":{"allow":["GET"]}}],"collection":[{"href":"https:\/\/markanluxury.ch\/fr\/wp-json\/wp\/v2\/product"}],"about":[{"href":"https:\/\/markanluxury.ch\/fr\/wp-json\/wp\/v2\/types\/product"}],"replies":[{"embeddable":true,"href":"https:\/\/markanluxury.ch\/fr\/wp-json\/wp\/v2\/comments?post=33172"}],"version-history":[{"count":10,"href":"https:\/\/markanluxury.ch\/fr\/wp-json\/wp\/v2\/product\/33172\/revisions"}],"predecessor-version":[{"id":33190,"href":"https:\/\/markanluxury.ch\/fr\/wp-json\/wp\/v2\/product\/33172\/revisions\/33190"}],"wp:featuredmedia":[{"embeddable":true,"href":"https:\/\/markanluxury.ch\/fr\/wp-json\/wp\/v2\/media\/33178"}],"wp:attachment":[{"href":"https:\/\/markanluxury.ch\/fr\/wp-json\/wp\/v2\/media?parent=33172"}],"wp:term":[{"taxonomy":"product_brand","embeddable":true,"href":"https:\/\/markanluxury.ch\/fr\/wp-json\/wp\/v2\/product_brand?post=33172"},{"taxonomy":"product_cat","embeddable":true,"href":"https:\/\/markanluxury.ch\/fr\/wp-json\/wp\/v2\/product_cat?post=33172"},{"taxonomy":"product_tag","embeddable":true,"href":"https:\/\/markanluxury.ch\/fr\/wp-json\/wp\/v2\/product_tag?post=33172"}],"curies":[{"name":"wp","href":"https:\/\/api.w.org\/{rel}","templated":true}]}}