{"id":32544,"date":"2025-06-12T00:22:20","date_gmt":"2025-06-11T22:22:20","guid":{"rendered":"https:\/\/markanluxury.ch\/?post_type=product&#038;p=32544"},"modified":"2025-06-16T10:55:20","modified_gmt":"2025-06-16T08:55:20","slug":"collier-en-argent-925-avec-pierre-precieuse-dagate-dindonesie","status":"publish","type":"product","link":"https:\/\/markanluxury.ch\/fr\/shop\/pierres-naturelles-mineraux\/collier-en-argent-925-avec-pierre-precieuse-dagate-dindonesie\/","title":{"rendered":"Collier en argent 925 avec pierre pr\u00e9cieuse d&rsquo;agate d&rsquo;Indon\u00e9sie"},"content":{"rendered":"\t\t<div data-elementor-type=\"wp-post\" data-elementor-id=\"32544\" class=\"elementor elementor-32544\">\n\t\t\t\t<div class=\"wd-negative-gap elementor-element elementor-element-7e02c33d e-flex e-con-boxed e-con e-parent\" data-id=\"7e02c33d\" data-element_type=\"container\">\n\t\t\t\t\t<div class=\"e-con-inner\">\n\t\t\t\t<div class=\"elementor-element elementor-element-04e5b00 elementor-widget elementor-widget-shortcode\" data-id=\"04e5b00\" data-element_type=\"widget\" data-widget_type=\"shortcode.default\">\n\t\t\t\t<div class=\"elementor-widget-container\">\n\t\t\t\t\t\t\t<div class=\"elementor-shortcode\">\t\t\t<link rel=\"stylesheet\" id=\"elementor-post-32661-css\" href=\"https:\/\/markanluxury.ch\/wp-content\/uploads\/elementor\/css\/post-32661.css?ver=1776025025\" type=\"text\/css\" media=\"all\">\n\t\t\t\t\t<div data-elementor-type=\"wp-post\" data-elementor-id=\"32661\" class=\"elementor elementor-32661\">\n\t\t\t\t<div class=\"wd-negative-gap elementor-element elementor-element-985f0d6 e-flex e-con-boxed e-con e-parent\" data-id=\"985f0d6\" data-element_type=\"container\">\n\t\t\t\t\t<div class=\"e-con-inner\">\n\t\t\t\t<div class=\"elementor-element elementor-element-d45bf68 elementor-widget elementor-widget-wd_text_block\" data-id=\"d45bf68\" data-element_type=\"widget\" data-widget_type=\"wd_text_block.default\">\n\t\t\t\t<div class=\"elementor-widget-container\">\n\t\t\t\t\t\t\t<div class=\"wd-text-block reset-last-child text-left\">\n\t\t\t\n\t\t\t<p>La photo du produit est une image repr\u00e9sentative. Il peut y avoir de l\u00e9g\u00e8res diff\u00e9rences dans les couleurs, les poids et les dimensions.<\/p>\n\t\t\t\t\t<\/div>\n\t\t\t\t\t\t<\/div>\n\t\t\t\t<\/div>\n\t\t\t\t\t<\/div>\n\t\t\t\t<\/div>\n\t\t\t\t<\/div>\n\t\t<\/div>\n\t\t\t\t\t\t<\/div>\n\t\t\t\t<\/div>\n\t\t\t\t<div class=\"elementor-element elementor-element-953ffb8 elementor-widget elementor-widget-shortcode\" data-id=\"953ffb8\" data-element_type=\"widget\" data-widget_type=\"shortcode.default\">\n\t\t\t\t<div class=\"elementor-widget-container\">\n\t\t\t\t\t\t\t<div class=\"elementor-shortcode\">\t\t\t<link rel=\"stylesheet\" id=\"elementor-post-32614-css\" href=\"https:\/\/markanluxury.ch\/wp-content\/uploads\/elementor\/css\/post-32614.css?ver=1776025025\" type=\"text\/css\" media=\"all\">\n\t\t\t\t\t<div data-elementor-type=\"wp-post\" data-elementor-id=\"32614\" class=\"elementor elementor-32614\">\n\t\t\t\t<div class=\"wd-negative-gap elementor-element elementor-element-b9a5d7c e-flex e-con-boxed e-con e-parent\" data-id=\"b9a5d7c\" data-element_type=\"container\">\n\t\t\t\t\t<div class=\"e-con-inner\">\n\t\t\t\t<div class=\"elementor-element elementor-element-d29d54e color-scheme-inherit text-left elementor-widget elementor-widget-text-editor\" data-id=\"d29d54e\" data-element_type=\"widget\" data-widget_type=\"text-editor.default\">\n\t\t\t\t<div class=\"elementor-widget-container\">\n\t\t\t\t\t\t\t\t\t<h3 style=\"font-size: 16px;\"><strong>DIMENSIONS DU PRODUIT<\/strong><\/h3>\t\t\t\t\t\t\t\t<\/div>\n\t\t\t\t<\/div>\n\t\t\t\t\t<\/div>\n\t\t\t\t<\/div>\n\t\t\t\t<\/div>\n\t\t<\/div>\n\t\t\t\t\t\t<\/div>\n\t\t\t\t<\/div>\n\t\t\t\t<div class=\"elementor-element elementor-element-9cf6080 color-scheme-inherit text-left elementor-widget elementor-widget-text-editor\" data-id=\"9cf6080\" data-element_type=\"widget\" data-widget_type=\"text-editor.default\">\n\t\t\t\t<div class=\"elementor-widget-container\">\n\t\t\t\t\t\t\t\t\t<ul class=\"unordered-list\"><li>Largeur: 1,6 cm<\/li><li>Longueur: 2,4 cm<\/li><li>Poids: 4 g<\/li><li>Longueur de la cha\u00eene: 45 cm<\/li><\/ul>\t\t\t\t\t\t\t\t<\/div>\n\t\t\t\t<\/div>\n\t\t\t\t<div class=\"elementor-element elementor-element-0eaebee elementor-widget-divider--view-line elementor-widget elementor-widget-divider\" data-id=\"0eaebee\" data-element_type=\"widget\" data-widget_type=\"divider.default\">\n\t\t\t\t<div class=\"elementor-widget-container\">\n\t\t\t\t\t\t\t<div class=\"elementor-divider\">\n\t\t\t<span class=\"elementor-divider-separator\">\n\t\t\t\t\t\t<\/span>\n\t\t<\/div>\n\t\t\t\t\t\t<\/div>\n\t\t\t\t<\/div>\n\t\t\t\t<div class=\"elementor-element elementor-element-39056df color-scheme-inherit text-left elementor-widget elementor-widget-text-editor\" data-id=\"39056df\" data-element_type=\"widget\" data-widget_type=\"text-editor.default\">\n\t\t\t\t<div class=\"elementor-widget-container\">\n\t\t\t\t\t\t\t\t\t<ul class=\"unordered-list\"><li>Largeur: 1,8 cm<\/li><li>Longueur: 2,8 cm<\/li><li>Poids: 4,6 g<\/li><li>Longueur de la cha\u00eene: 45 cm<\/li><\/ul>\t\t\t\t\t\t\t\t<\/div>\n\t\t\t\t<\/div>\n\t\t\t\t<div class=\"elementor-element elementor-element-d227e63 elementor-widget-divider--view-line elementor-widget elementor-widget-divider\" data-id=\"d227e63\" data-element_type=\"widget\" data-widget_type=\"divider.default\">\n\t\t\t\t<div class=\"elementor-widget-container\">\n\t\t\t\t\t\t\t<div class=\"elementor-divider\">\n\t\t\t<span class=\"elementor-divider-separator\">\n\t\t\t\t\t\t<\/span>\n\t\t<\/div>\n\t\t\t\t\t\t<\/div>\n\t\t\t\t<\/div>\n\t\t\t\t<div class=\"elementor-element elementor-element-efc504d color-scheme-inherit text-left elementor-widget elementor-widget-text-editor\" data-id=\"efc504d\" data-element_type=\"widget\" data-widget_type=\"text-editor.default\">\n\t\t\t\t<div class=\"elementor-widget-container\">\n\t\t\t\t\t\t\t\t\t<ul class=\"unordered-list\"><li>Largeur: 1,6 cm<\/li><li>Longueur: 2,5 cm<\/li><li>Poids: 5,2 g<\/li><li>Longueur de la cha\u00eene: 45 cm<\/li><\/ul>\t\t\t\t\t\t\t\t<\/div>\n\t\t\t\t<\/div>\n\t\t\t\t<div class=\"elementor-element elementor-element-2915e51 elementor-widget elementor-widget-shortcode\" data-id=\"2915e51\" data-element_type=\"widget\" data-widget_type=\"shortcode.default\">\n\t\t\t\t<div class=\"elementor-widget-container\">\n\t\t\t\t\t\t\t<div class=\"elementor-shortcode\">\t\t\t<link rel=\"stylesheet\" id=\"elementor-post-32647-css\" href=\"https:\/\/markanluxury.ch\/wp-content\/uploads\/elementor\/css\/post-32647.css?ver=1776025025\" type=\"text\/css\" media=\"all\">\n\t\t\t\t\t<div data-elementor-type=\"wp-post\" data-elementor-id=\"32647\" class=\"elementor elementor-32647\">\n\t\t\t\t<div class=\"wd-negative-gap elementor-element elementor-element-53d9868 e-flex e-con-boxed e-con e-parent\" data-id=\"53d9868\" data-element_type=\"container\">\n\t\t\t\t\t<div class=\"e-con-inner\">\n\t\t\t\t<div class=\"elementor-element elementor-element-bc94456 elementor-widget elementor-widget-wd_text_block\" data-id=\"bc94456\" data-element_type=\"widget\" data-widget_type=\"wd_text_block.default\">\n\t\t\t\t<div class=\"elementor-widget-container\">\n\t\t\t\t\t\t\t<div class=\"wd-text-block reset-last-child text-left\">\n\t\t\t\n\t\t\t<p><strong>Authenticit\u00e9 de toutes les pierres pr\u00e9cieuses garantie<\/strong>\u00a0- avec l'assurance qualit\u00e9 de notre entreprise.<\/p>\n\t\t\t\t\t<\/div>\n\t\t\t\t\t\t<\/div>\n\t\t\t\t<\/div>\n\t\t\t\t\t<\/div>\n\t\t\t\t<\/div>\n\t\t\t\t<\/div>\n\t\t<\/div>\n\t\t\t\t\t\t<\/div>\n\t\t\t\t<\/div>\n\t\t\t\t<div class=\"elementor-element elementor-element-26bc931 elementor-widget elementor-widget-shortcode\" data-id=\"26bc931\" data-element_type=\"widget\" data-widget_type=\"shortcode.default\">\n\t\t\t\t<div class=\"elementor-widget-container\">\n\t\t\t\t\t\t\t<div class=\"elementor-shortcode\">\t\t\t<link rel=\"stylesheet\" id=\"elementor-post-32677-css\" href=\"https:\/\/markanluxury.ch\/wp-content\/uploads\/elementor\/css\/post-32677.css?ver=1776025346\" type=\"text\/css\" media=\"all\">\n\t\t\t\t\t<div data-elementor-type=\"wp-post\" data-elementor-id=\"32677\" class=\"elementor elementor-32677\">\n\t\t\t\t<div class=\"wd-negative-gap elementor-element elementor-element-f83c0dc e-flex e-con-boxed e-con e-parent\" data-id=\"f83c0dc\" data-element_type=\"container\">\n\t\t\t\t\t<div class=\"e-con-inner\">\n\t\t\t\t<div class=\"elementor-element elementor-element-d77ffb8 color-scheme-inherit text-left elementor-widget elementor-widget-text-editor\" data-id=\"d77ffb8\" data-element_type=\"widget\" data-widget_type=\"text-editor.default\">\n\t\t\t\t<div class=\"elementor-widget-container\">\n\t\t\t\t\t\t\t\t\t<h3 style=\"font-size: 16px;\"><strong>AGATE \u2013 PIERRE DU STRESS<\/strong><\/h3><p>La pierre d\u2019agate favorise une expression fluide et aide \u00e0 renforcer l\u2019optimisme, la joie et la force \u00e9motionnelle. Sur le plan m\u00e9taphysique, elle aide \u00e0 r\u00e9aliser ses r\u00eaves et id\u00e9aux ; sur le plan physique, elle peut soulager certaines douleurs.<\/p><p><strong data-start=\"454\" data-end=\"489\">Signes astrologiques associ\u00e9s:<\/strong> Verseau, B\u00e9lier, G\u00e9meaux, Cancer, Lion, Vierge, Balance et Capricorne<br data-start=\"559\" data-end=\"562\" \/><strong data-start=\"562\" data-end=\"584\">Chakras associ\u00e9s:<\/strong> 2e Chakra sacr\u00e9 (Chakra du bas-ventre)<\/p>\t\t\t\t\t\t\t\t<\/div>\n\t\t\t\t<\/div>\n\t\t\t\t\t<\/div>\n\t\t\t\t<\/div>\n\t\t\t\t<\/div>\n\t\t<\/div>\n\t\t\t\t\t\t<\/div>\n\t\t\t\t<\/div>\n\t\t\t\t<div class=\"elementor-element elementor-element-d61cf2d elementor-widget elementor-widget-shortcode\" data-id=\"d61cf2d\" data-element_type=\"widget\" data-widget_type=\"shortcode.default\">\n\t\t\t\t<div class=\"elementor-widget-container\">\n\t\t\t\t\t\t\t<div class=\"elementor-shortcode\">\t\t\t<link rel=\"stylesheet\" id=\"elementor-post-32694-css\" href=\"https:\/\/markanluxury.ch\/wp-content\/uploads\/elementor\/css\/post-32694.css?ver=1776025025\" type=\"text\/css\" media=\"all\">\n\t\t\t\t\t<div data-elementor-type=\"wp-post\" data-elementor-id=\"32694\" class=\"elementor elementor-32694\">\n\t\t\t\t<div class=\"wd-negative-gap elementor-element elementor-element-b252260 e-flex e-con-boxed e-con e-parent\" data-id=\"b252260\" data-element_type=\"container\">\n\t\t\t\t\t<div class=\"e-con-inner\">\n\t\t\t\t<div class=\"elementor-element elementor-element-f9ab816 color-scheme-inherit text-left elementor-widget elementor-widget-text-editor\" data-id=\"f9ab816\" data-element_type=\"widget\" data-widget_type=\"text-editor.default\">\n\t\t\t\t<div class=\"elementor-widget-container\">\n\t\t\t\t\t\t\t\t\t<h3 style=\"font-size: 16px;\"><strong>COMMENT PURIFIER LES PIERRES PR\u00c9CIEUSES?<\/strong><\/h3><p><strong>Encens:<\/strong> Les pierres peuvent \u00eatre purifi\u00e9es \u00e9nerg\u00e9tiquement avec de l&rsquo;encens. Tiens la pierre dans une main et passe-la pendant 15 \u00e0 20 secondes dans la fum\u00e9e pour \u00e9liminer les \u00e9nergies n\u00e9gatives.<\/p><p><strong>Eau courante:<\/strong> Rince la pierre sous l&rsquo;eau claire pendant 2 \u00e0 3 minutes. Cette m\u00e9thode aide \u00e0 dissoudre les blocages \u00e9nerg\u00e9tiques.<\/p><p><strong>Enterrement dans la terre:<\/strong> Pour harmoniser l\u2019\u00e9nergie de la pierre, tu peux l&rsquo;enterrer dans la terre pendant une journ\u00e9e. Elle se recharge ainsi avec l\u2019\u00e9nergie naturelle de la terre.<\/p>\t\t\t\t\t\t\t\t<\/div>\n\t\t\t\t<\/div>\n\t\t\t\t\t<\/div>\n\t\t\t\t<\/div>\n\t\t\t\t<\/div>\n\t\t<\/div>\n\t\t\t\t\t\t<\/div>\n\t\t\t\t<\/div>\n\t\t\t\t<div class=\"elementor-element elementor-element-883a259 elementor-widget-divider--view-line elementor-widget elementor-widget-divider\" data-id=\"883a259\" data-element_type=\"widget\" data-widget_type=\"divider.default\">\n\t\t\t\t<div class=\"elementor-widget-container\">\n\t\t\t\t\t\t\t<div class=\"elementor-divider\">\n\t\t\t<span class=\"elementor-divider-separator\">\n\t\t\t\t\t\t<\/span>\n\t\t<\/div>\n\t\t\t\t\t\t<\/div>\n\t\t\t\t<\/div>\n\t\t\t\t<div class=\"elementor-element elementor-element-46e59ca wd-single-meta text-left elementor-widget elementor-widget-wd_single_product_meta\" data-id=\"46e59ca\" data-element_type=\"widget\" data-widget_type=\"wd_single_product_meta.default\">\n\t\t\t\t<div class=\"elementor-widget-container\">\n\t\t\t\t\t\n<div class=\"product_meta wd-layout-default\">\n\t\n\t\t\t\n\t\t<span class=\"sku_wrapper\">\n\t\t\t<span class=\"meta-label\">\n\t\t\t\tUGS\u00a0:\t\t\t<\/span>\n\t\t\t<span class=\"sku\">\n\t\t\t\tMARK-2001\t\t\t<\/span>\n\t\t<\/span>\n\t\n\t\t\t<span class=\"posted_in\"><span class=\"meta-label\">Cat\u00e9gorie\u00a0:<\/span> <a href=\"https:\/\/markanluxury.ch\/fr\/categorie-produit\/pierres-naturelles-mineraux\/\" rel=\"tag\">Pierres naturelles &amp; min\u00e9raux<\/a><\/span>\t\n\t\t\t\t\n\t\t\t\t\n\t<\/div>\n\t\t\t\t<\/div>\n\t\t\t\t<\/div>\n\t\t\t\t\t<\/div>\n\t\t\t\t<\/div>\n\t\t\t\t<\/div>\n\t\t","protected":false},"excerpt":{"rendered":"<p>Largeur: 1,6 cm Longueur: 2,4 cm Poids: 4 g Longueur de la cha\u00eene: 45 cm Largeur: 1,8 cm Longueur: 2,8<\/p>\n","protected":false},"featured_media":32551,"comment_status":"open","ping_status":"closed","template":"","meta":[],"product_brand":[],"product_cat":[220],"product_tag":[],"class_list":{"0":"post-32544","1":"product","2":"type-product","3":"status-publish","4":"has-post-thumbnail","6":"product_cat-pierres-naturelles-mineraux","7":"pa_breite-1-6-cm-fr","8":"pa_breite-1-8-cm-fr","9":"pa_laenge-2-4-cm-fr","10":"pa_laenge-2-5-cm-fr","11":"pa_laenge-2-8-cm-fr","13":"first","14":"instock","15":"shipping-taxable","16":"purchasable","17":"product-type-variable"},"yoast_head":"<!-- This site is optimized with the Yoast SEO plugin v25.0 - https:\/\/yoast.com\/wordpress\/plugins\/seo\/ -->\n<title>Collier en argent 925 avec pierre pr\u00e9cieuse d&#039;agate d&#039;Indon\u00e9sie - Markan Luxury<\/title>\n<meta name=\"robots\" content=\"index, follow, max-snippet:-1, max-image-preview:large, max-video-preview:-1\" \/>\n<link rel=\"canonical\" href=\"https:\/\/markanluxury.ch\/fr\/shop\/pierres-naturelles-mineraux\/collier-en-argent-925-avec-pierre-precieuse-dagate-dindonesie\/\" \/>\n<meta property=\"og:locale\" content=\"fr_FR\" \/>\n<meta property=\"og:type\" content=\"article\" \/>\n<meta property=\"og:title\" content=\"Collier en argent 925 avec pierre pr\u00e9cieuse d&#039;agate d&#039;Indon\u00e9sie - Markan Luxury\" \/>\n<meta property=\"og:description\" content=\"Largeur: 1,6 cm Longueur: 2,4 cm Poids: 4 g Longueur de la cha\u00eene: 45 cm Largeur: 1,8 cm Longueur: 2,8\" \/>\n<meta property=\"og:url\" content=\"https:\/\/markanluxury.ch\/fr\/shop\/pierres-naturelles-mineraux\/collier-en-argent-925-avec-pierre-precieuse-dagate-dindonesie\/\" \/>\n<meta property=\"og:site_name\" content=\"Markan Luxury\" \/>\n<meta property=\"article:modified_time\" content=\"2025-06-16T08:55:20+00:00\" \/>\n<meta property=\"og:image\" content=\"https:\/\/markanluxury.ch\/wp-content\/uploads\/2025\/06\/bijou-agate-naturelle-indonesie-argent-sterling-925.jpg\" \/>\n\t<meta property=\"og:image:width\" content=\"1200\" \/>\n\t<meta property=\"og:image:height\" content=\"1800\" \/>\n\t<meta property=\"og:image:type\" content=\"image\/jpeg\" \/>\n<meta name=\"twitter:card\" content=\"summary_large_image\" \/>\n<meta name=\"twitter:label1\" content=\"Dur\u00e9e de lecture estim\u00e9e\" \/>\n\t<meta name=\"twitter:data1\" content=\"2 minutes\" \/>\n<script type=\"application\/ld+json\" class=\"yoast-schema-graph\">{\"@context\":\"https:\/\/schema.org\",\"@graph\":[{\"@type\":\"WebPage\",\"@id\":\"https:\/\/markanluxury.ch\/fr\/shop\/pierres-naturelles-mineraux\/collier-en-argent-925-avec-pierre-precieuse-dagate-dindonesie\/\",\"url\":\"https:\/\/markanluxury.ch\/fr\/shop\/pierres-naturelles-mineraux\/collier-en-argent-925-avec-pierre-precieuse-dagate-dindonesie\/\",\"name\":\"Collier en argent 925 avec pierre pr\u00e9cieuse d'agate d'Indon\u00e9sie - Markan Luxury\",\"isPartOf\":{\"@id\":\"https:\/\/markanluxury.ch\/fr\/#website\"},\"primaryImageOfPage\":{\"@id\":\"https:\/\/markanluxury.ch\/fr\/shop\/pierres-naturelles-mineraux\/collier-en-argent-925-avec-pierre-precieuse-dagate-dindonesie\/#primaryimage\"},\"image\":{\"@id\":\"https:\/\/markanluxury.ch\/fr\/shop\/pierres-naturelles-mineraux\/collier-en-argent-925-avec-pierre-precieuse-dagate-dindonesie\/#primaryimage\"},\"thumbnailUrl\":\"https:\/\/markanluxury.ch\/wp-content\/uploads\/2025\/06\/bijou-agate-naturelle-indonesie-argent-sterling-925.jpg\",\"datePublished\":\"2025-06-11T22:22:20+00:00\",\"dateModified\":\"2025-06-16T08:55:20+00:00\",\"breadcrumb\":{\"@id\":\"https:\/\/markanluxury.ch\/fr\/shop\/pierres-naturelles-mineraux\/collier-en-argent-925-avec-pierre-precieuse-dagate-dindonesie\/#breadcrumb\"},\"inLanguage\":\"fr-FR\",\"potentialAction\":[{\"@type\":\"ReadAction\",\"target\":[\"https:\/\/markanluxury.ch\/fr\/shop\/pierres-naturelles-mineraux\/collier-en-argent-925-avec-pierre-precieuse-dagate-dindonesie\/\"]}]},{\"@type\":\"ImageObject\",\"inLanguage\":\"fr-FR\",\"@id\":\"https:\/\/markanluxury.ch\/fr\/shop\/pierres-naturelles-mineraux\/collier-en-argent-925-avec-pierre-precieuse-dagate-dindonesie\/#primaryimage\",\"url\":\"https:\/\/markanluxury.ch\/wp-content\/uploads\/2025\/06\/bijou-agate-naturelle-indonesie-argent-sterling-925.jpg\",\"contentUrl\":\"https:\/\/markanluxury.ch\/wp-content\/uploads\/2025\/06\/bijou-agate-naturelle-indonesie-argent-sterling-925.jpg\",\"width\":1200,\"height\":1800,\"caption\":\"Collier en argent 925 avec pierre pr\u00e9cieuse d'agate naturelle d\u2019Indon\u00e9sie, bijou artisanal \u00e9l\u00e9gant.\"},{\"@type\":\"BreadcrumbList\",\"@id\":\"https:\/\/markanluxury.ch\/fr\/shop\/pierres-naturelles-mineraux\/collier-en-argent-925-avec-pierre-precieuse-dagate-dindonesie\/#breadcrumb\",\"itemListElement\":[{\"@type\":\"ListItem\",\"position\":1,\"name\":\"Home\",\"item\":\"https:\/\/markanluxury.ch\/fr\/accueil-markan-pierres-precieuses-bijoux-en-pierre-de-guerison-boutique-en-ligne-suisse\/\"},{\"@type\":\"ListItem\",\"position\":2,\"name\":\"Boutique\",\"item\":\"https:\/\/markanluxury.ch\/fr\/boutique\/\"},{\"@type\":\"ListItem\",\"position\":3,\"name\":\"Collier en argent 925 avec pierre pr\u00e9cieuse d&#8217;agate d&#8217;Indon\u00e9sie\"}]},{\"@type\":\"WebSite\",\"@id\":\"https:\/\/markanluxury.ch\/fr\/#website\",\"url\":\"https:\/\/markanluxury.ch\/fr\/\",\"name\":\"Markan Luxury\",\"description\":\"Trage Eleganz, sp\u00fcre Energie!\",\"publisher\":{\"@id\":\"https:\/\/markanluxury.ch\/fr\/#organization\"},\"potentialAction\":[{\"@type\":\"SearchAction\",\"target\":{\"@type\":\"EntryPoint\",\"urlTemplate\":\"https:\/\/markanluxury.ch\/fr\/?s={search_term_string}\"},\"query-input\":{\"@type\":\"PropertyValueSpecification\",\"valueRequired\":true,\"valueName\":\"search_term_string\"}}],\"inLanguage\":\"fr-FR\"},{\"@type\":\"Organization\",\"@id\":\"https:\/\/markanluxury.ch\/fr\/#organization\",\"name\":\"Markan Luxury\",\"url\":\"https:\/\/markanluxury.ch\/fr\/\",\"logo\":{\"@type\":\"ImageObject\",\"inLanguage\":\"fr-FR\",\"@id\":\"https:\/\/markanluxury.ch\/fr\/#\/schema\/logo\/image\/\",\"url\":\"https:\/\/markanluxury.ch\/wp-content\/uploads\/2025\/04\/markan-logo-transparent.svg\",\"contentUrl\":\"https:\/\/markanluxury.ch\/wp-content\/uploads\/2025\/04\/markan-logo-transparent.svg\",\"width\":81,\"height\":80,\"caption\":\"Markan Luxury\"},\"image\":{\"@id\":\"https:\/\/markanluxury.ch\/fr\/#\/schema\/logo\/image\/\"}}]}<\/script>\n<!-- \/ Yoast SEO plugin. -->","yoast_head_json":{"title":"Collier en argent 925 avec pierre pr\u00e9cieuse d'agate d'Indon\u00e9sie - Markan Luxury","robots":{"index":"index","follow":"follow","max-snippet":"max-snippet:-1","max-image-preview":"max-image-preview:large","max-video-preview":"max-video-preview:-1"},"canonical":"https:\/\/markanluxury.ch\/fr\/shop\/pierres-naturelles-mineraux\/collier-en-argent-925-avec-pierre-precieuse-dagate-dindonesie\/","og_locale":"fr_FR","og_type":"article","og_title":"Collier en argent 925 avec pierre pr\u00e9cieuse d'agate d'Indon\u00e9sie - Markan Luxury","og_description":"Largeur: 1,6 cm Longueur: 2,4 cm Poids: 4 g Longueur de la cha\u00eene: 45 cm Largeur: 1,8 cm Longueur: 2,8","og_url":"https:\/\/markanluxury.ch\/fr\/shop\/pierres-naturelles-mineraux\/collier-en-argent-925-avec-pierre-precieuse-dagate-dindonesie\/","og_site_name":"Markan Luxury","article_modified_time":"2025-06-16T08:55:20+00:00","og_image":[{"width":1200,"height":1800,"url":"https:\/\/markanluxury.ch\/wp-content\/uploads\/2025\/06\/bijou-agate-naturelle-indonesie-argent-sterling-925.jpg","type":"image\/jpeg"}],"twitter_card":"summary_large_image","twitter_misc":{"Dur\u00e9e de lecture estim\u00e9e":"2 minutes"},"schema":{"@context":"https:\/\/schema.org","@graph":[{"@type":"WebPage","@id":"https:\/\/markanluxury.ch\/fr\/shop\/pierres-naturelles-mineraux\/collier-en-argent-925-avec-pierre-precieuse-dagate-dindonesie\/","url":"https:\/\/markanluxury.ch\/fr\/shop\/pierres-naturelles-mineraux\/collier-en-argent-925-avec-pierre-precieuse-dagate-dindonesie\/","name":"Collier en argent 925 avec pierre pr\u00e9cieuse d'agate d'Indon\u00e9sie - Markan Luxury","isPartOf":{"@id":"https:\/\/markanluxury.ch\/fr\/#website"},"primaryImageOfPage":{"@id":"https:\/\/markanluxury.ch\/fr\/shop\/pierres-naturelles-mineraux\/collier-en-argent-925-avec-pierre-precieuse-dagate-dindonesie\/#primaryimage"},"image":{"@id":"https:\/\/markanluxury.ch\/fr\/shop\/pierres-naturelles-mineraux\/collier-en-argent-925-avec-pierre-precieuse-dagate-dindonesie\/#primaryimage"},"thumbnailUrl":"https:\/\/markanluxury.ch\/wp-content\/uploads\/2025\/06\/bijou-agate-naturelle-indonesie-argent-sterling-925.jpg","datePublished":"2025-06-11T22:22:20+00:00","dateModified":"2025-06-16T08:55:20+00:00","breadcrumb":{"@id":"https:\/\/markanluxury.ch\/fr\/shop\/pierres-naturelles-mineraux\/collier-en-argent-925-avec-pierre-precieuse-dagate-dindonesie\/#breadcrumb"},"inLanguage":"fr-FR","potentialAction":[{"@type":"ReadAction","target":["https:\/\/markanluxury.ch\/fr\/shop\/pierres-naturelles-mineraux\/collier-en-argent-925-avec-pierre-precieuse-dagate-dindonesie\/"]}]},{"@type":"ImageObject","inLanguage":"fr-FR","@id":"https:\/\/markanluxury.ch\/fr\/shop\/pierres-naturelles-mineraux\/collier-en-argent-925-avec-pierre-precieuse-dagate-dindonesie\/#primaryimage","url":"https:\/\/markanluxury.ch\/wp-content\/uploads\/2025\/06\/bijou-agate-naturelle-indonesie-argent-sterling-925.jpg","contentUrl":"https:\/\/markanluxury.ch\/wp-content\/uploads\/2025\/06\/bijou-agate-naturelle-indonesie-argent-sterling-925.jpg","width":1200,"height":1800,"caption":"Collier en argent 925 avec pierre pr\u00e9cieuse d'agate naturelle d\u2019Indon\u00e9sie, bijou artisanal \u00e9l\u00e9gant."},{"@type":"BreadcrumbList","@id":"https:\/\/markanluxury.ch\/fr\/shop\/pierres-naturelles-mineraux\/collier-en-argent-925-avec-pierre-precieuse-dagate-dindonesie\/#breadcrumb","itemListElement":[{"@type":"ListItem","position":1,"name":"Home","item":"https:\/\/markanluxury.ch\/fr\/accueil-markan-pierres-precieuses-bijoux-en-pierre-de-guerison-boutique-en-ligne-suisse\/"},{"@type":"ListItem","position":2,"name":"Boutique","item":"https:\/\/markanluxury.ch\/fr\/boutique\/"},{"@type":"ListItem","position":3,"name":"Collier en argent 925 avec pierre pr\u00e9cieuse d&#8217;agate d&#8217;Indon\u00e9sie"}]},{"@type":"WebSite","@id":"https:\/\/markanluxury.ch\/fr\/#website","url":"https:\/\/markanluxury.ch\/fr\/","name":"Markan Luxury","description":"Trage Eleganz, sp\u00fcre Energie!","publisher":{"@id":"https:\/\/markanluxury.ch\/fr\/#organization"},"potentialAction":[{"@type":"SearchAction","target":{"@type":"EntryPoint","urlTemplate":"https:\/\/markanluxury.ch\/fr\/?s={search_term_string}"},"query-input":{"@type":"PropertyValueSpecification","valueRequired":true,"valueName":"search_term_string"}}],"inLanguage":"fr-FR"},{"@type":"Organization","@id":"https:\/\/markanluxury.ch\/fr\/#organization","name":"Markan Luxury","url":"https:\/\/markanluxury.ch\/fr\/","logo":{"@type":"ImageObject","inLanguage":"fr-FR","@id":"https:\/\/markanluxury.ch\/fr\/#\/schema\/logo\/image\/","url":"https:\/\/markanluxury.ch\/wp-content\/uploads\/2025\/04\/markan-logo-transparent.svg","contentUrl":"https:\/\/markanluxury.ch\/wp-content\/uploads\/2025\/04\/markan-logo-transparent.svg","width":81,"height":80,"caption":"Markan Luxury"},"image":{"@id":"https:\/\/markanluxury.ch\/fr\/#\/schema\/logo\/image\/"}}]}},"_links":{"self":[{"href":"https:\/\/markanluxury.ch\/fr\/wp-json\/wp\/v2\/product\/32544","targetHints":{"allow":["GET"]}}],"collection":[{"href":"https:\/\/markanluxury.ch\/fr\/wp-json\/wp\/v2\/product"}],"about":[{"href":"https:\/\/markanluxury.ch\/fr\/wp-json\/wp\/v2\/types\/product"}],"replies":[{"embeddable":true,"href":"https:\/\/markanluxury.ch\/fr\/wp-json\/wp\/v2\/comments?post=32544"}],"version-history":[{"count":15,"href":"https:\/\/markanluxury.ch\/fr\/wp-json\/wp\/v2\/product\/32544\/revisions"}],"predecessor-version":[{"id":32788,"href":"https:\/\/markanluxury.ch\/fr\/wp-json\/wp\/v2\/product\/32544\/revisions\/32788"}],"wp:featuredmedia":[{"embeddable":true,"href":"https:\/\/markanluxury.ch\/fr\/wp-json\/wp\/v2\/media\/32551"}],"wp:attachment":[{"href":"https:\/\/markanluxury.ch\/fr\/wp-json\/wp\/v2\/media?parent=32544"}],"wp:term":[{"taxonomy":"product_brand","embeddable":true,"href":"https:\/\/markanluxury.ch\/fr\/wp-json\/wp\/v2\/product_brand?post=32544"},{"taxonomy":"product_cat","embeddable":true,"href":"https:\/\/markanluxury.ch\/fr\/wp-json\/wp\/v2\/product_cat?post=32544"},{"taxonomy":"product_tag","embeddable":true,"href":"https:\/\/markanluxury.ch\/fr\/wp-json\/wp\/v2\/product_tag?post=32544"}],"curies":[{"name":"wp","href":"https:\/\/api.w.org\/{rel}","templated":true}]}}