{"id":33155,"date":"2025-06-19T03:54:11","date_gmt":"2025-06-19T01:54:11","guid":{"rendered":"https:\/\/markanluxury.ch\/shop\/uncategorized\/baby-teething-amber-necklace-32-cm-3\/"},"modified":"2025-06-19T04:28:38","modified_gmt":"2025-06-19T02:28:38","slug":"baby-teething-amber-necklace-32-cm-3","status":"publish","type":"product","link":"https:\/\/markanluxury.ch\/en\/shop\/gemstones-minerals\/amber\/amber-baby-necklaces\/baby-teething-amber-necklace-32-cm-3\/","title":{"rendered":"Baby teething amber necklace &#8211; 32 cm"},"content":{"rendered":"\t\t<div data-elementor-type=\"wp-post\" data-elementor-id=\"33155\" class=\"elementor elementor-33155 elementor-33075\">\n\t\t\t\t<div class=\"wd-negative-gap elementor-element elementor-element-46e4c29 e-flex e-con-boxed e-con e-parent\" data-id=\"46e4c29\" data-element_type=\"container\">\n\t\t\t\t\t<div class=\"e-con-inner\">\n\t\t\t\t<div class=\"elementor-element elementor-element-b528e0f elementor-widget elementor-widget-shortcode\" data-id=\"b528e0f\" data-element_type=\"widget\" data-widget_type=\"shortcode.default\">\n\t\t\t\t<div class=\"elementor-widget-container\">\n\t\t\t\t\t\t\t<div class=\"elementor-shortcode\">\t\t\t<link rel=\"stylesheet\" id=\"elementor-post-32667-css\" href=\"https:\/\/markanluxury.ch\/wp-content\/uploads\/elementor\/css\/post-32667.css?ver=1776068215\" type=\"text\/css\" media=\"all\">\n\t\t\t\t\t<div data-elementor-type=\"wp-post\" data-elementor-id=\"32667\" class=\"elementor elementor-32667 elementor-32661\">\n\t\t\t\t<div class=\"wd-negative-gap elementor-element elementor-element-985f0d6 e-flex e-con-boxed e-con e-parent\" data-id=\"985f0d6\" data-element_type=\"container\">\n\t\t\t\t\t<div class=\"e-con-inner\">\n\t\t\t\t<div class=\"elementor-element elementor-element-d45bf68 elementor-widget elementor-widget-wd_text_block\" data-id=\"d45bf68\" data-element_type=\"widget\" data-widget_type=\"wd_text_block.default\">\n\t\t\t\t<div class=\"elementor-widget-container\">\n\t\t\t\t\t\t\t<div class=\"wd-text-block reset-last-child text-left\">\n\t\t\t\n\t\t\t<p>The product photo is a representative image. There may be slight differences in colors, weights, and dimensions. <\/p>\n\t\t\t\t\t<\/div>\n\t\t\t\t\t\t<\/div>\n\t\t\t\t<\/div>\n\t\t\t\t\t<\/div>\n\t\t\t\t<\/div>\n\t\t\t\t<\/div>\n\t\t<\/div>\n\t\t\t\t\t\t<\/div>\n\t\t\t\t<\/div>\n\t\t\t\t<div class=\"elementor-element elementor-element-73469f0 elementor-widget elementor-widget-shortcode\" data-id=\"73469f0\" data-element_type=\"widget\" data-widget_type=\"shortcode.default\">\n\t\t\t\t<div class=\"elementor-widget-container\">\n\t\t\t\t\t\t\t<div class=\"elementor-shortcode\">\t\t\t<link rel=\"stylesheet\" id=\"elementor-post-32622-css\" href=\"https:\/\/markanluxury.ch\/wp-content\/uploads\/elementor\/css\/post-32622.css?ver=1776068215\" type=\"text\/css\" media=\"all\">\n\t\t\t\t\t<div data-elementor-type=\"wp-post\" data-elementor-id=\"32622\" class=\"elementor elementor-32622 elementor-32614\">\n\t\t\t\t<div class=\"wd-negative-gap elementor-element elementor-element-b9a5d7c e-flex e-con-boxed e-con e-parent\" data-id=\"b9a5d7c\" data-element_type=\"container\">\n\t\t\t\t\t<div class=\"e-con-inner\">\n\t\t\t\t<div class=\"elementor-element elementor-element-d29d54e color-scheme-inherit text-left elementor-widget elementor-widget-text-editor\" data-id=\"d29d54e\" data-element_type=\"widget\" data-widget_type=\"text-editor.default\">\n\t\t\t\t<div class=\"elementor-widget-container\">\n\t\t\t\t\t\t\t\t\t<h3 style=\"font-size: 16px;\"><strong>PRODUCT DIMENSIONS<\/strong><\/h3>\t\t\t\t\t\t\t\t<\/div>\n\t\t\t\t<\/div>\n\t\t\t\t\t<\/div>\n\t\t\t\t<\/div>\n\t\t\t\t<\/div>\n\t\t<\/div>\n\t\t\t\t\t\t<\/div>\n\t\t\t\t<\/div>\n\t\t\t\t<div class=\"elementor-element elementor-element-2c6035d color-scheme-inherit text-left elementor-widget elementor-widget-text-editor\" data-id=\"2c6035d\" data-element_type=\"widget\" data-widget_type=\"text-editor.default\">\n\t\t\t\t<div class=\"elementor-widget-container\">\n\t\t\t\t\t\t\t\t\t<ul class=\"unordered-list\"><li>Width: 5 mm<\/li><li>Length: 6 mm<\/li><li>Weight: 6.4 g<\/li><li>Total length: 32 cm<\/li><\/ul>\t\t\t\t\t\t\t\t<\/div>\n\t\t\t\t<\/div>\n\t\t\t\t<div class=\"elementor-element elementor-element-def13d0 elementor-widget elementor-widget-shortcode\" data-id=\"def13d0\" data-element_type=\"widget\" data-widget_type=\"shortcode.default\">\n\t\t\t\t<div class=\"elementor-widget-container\">\n\t\t\t\t\t\t\t<div class=\"elementor-shortcode\">\t\t\t<link rel=\"stylesheet\" id=\"elementor-post-32655-css\" href=\"https:\/\/markanluxury.ch\/wp-content\/uploads\/elementor\/css\/post-32655.css?ver=1776068215\" type=\"text\/css\" media=\"all\">\n\t\t\t\t\t<div data-elementor-type=\"wp-post\" data-elementor-id=\"32655\" class=\"elementor elementor-32655 elementor-32647\">\n\t\t\t\t<div class=\"wd-negative-gap elementor-element elementor-element-53d9868 e-flex e-con-boxed e-con e-parent\" data-id=\"53d9868\" data-element_type=\"container\">\n\t\t\t\t\t<div class=\"e-con-inner\">\n\t\t\t\t<div class=\"elementor-element elementor-element-bc94456 elementor-widget elementor-widget-wd_text_block\" data-id=\"bc94456\" data-element_type=\"widget\" data-widget_type=\"wd_text_block.default\">\n\t\t\t\t<div class=\"elementor-widget-container\">\n\t\t\t\t\t\t\t<div class=\"wd-text-block reset-last-child text-left\">\n\t\t\t\n\t\t\t<p><strong>Authenticity of all gemstones guaranteed<\/strong> - with the quality assurance of our company.<\/p>\n\t\t\t\t\t<\/div>\n\t\t\t\t\t\t<\/div>\n\t\t\t\t<\/div>\n\t\t\t\t\t<\/div>\n\t\t\t\t<\/div>\n\t\t\t\t<\/div>\n\t\t<\/div>\n\t\t\t\t\t\t<\/div>\n\t\t\t\t<\/div>\n\t\t\t\t<div class=\"elementor-element elementor-element-45bb6d6 elementor-widget elementor-widget-shortcode\" data-id=\"45bb6d6\" data-element_type=\"widget\" data-widget_type=\"shortcode.default\">\n\t\t\t\t<div class=\"elementor-widget-container\">\n\t\t\t\t\t\t\t<div class=\"elementor-shortcode\">\t\t\t<link rel=\"stylesheet\" id=\"elementor-post-32956-css\" href=\"https:\/\/markanluxury.ch\/wp-content\/uploads\/elementor\/css\/post-32956.css?ver=1776068415\" type=\"text\/css\" media=\"all\">\n\t\t\t\t\t<div data-elementor-type=\"wp-post\" data-elementor-id=\"32956\" class=\"elementor elementor-32956 elementor-32950\">\n\t\t\t\t<div class=\"wd-negative-gap elementor-element elementor-element-6f376a0 e-flex e-con-boxed e-con e-parent\" data-id=\"6f376a0\" data-element_type=\"container\">\n\t\t\t\t\t<div class=\"e-con-inner\">\n\t\t\t\t<div class=\"elementor-element elementor-element-63ba3bc color-scheme-inherit text-left elementor-widget elementor-widget-text-editor\" data-id=\"63ba3bc\" data-element_type=\"widget\" data-widget_type=\"text-editor.default\">\n\t\t\t\t<div class=\"elementor-widget-container\">\n\t\t\t\t\t\t\t\t\t<h3 style=\"font-size: 16px;\"><strong>AMBER \u2013 ORGANIC HEALING STONE<\/strong><\/h3><p data-start=\"258\" data-end=\"513\">Amber is an organic substance that holds great importance for human health. It helps regulate the thyroid and provides relief for babies during painful teething periods. Since ancient times, amber has been used as a natural pain reliever for healing purposes.  <\/p><p data-start=\"515\" data-end=\"623\"><strong data-start=\"515\" data-end=\"550\">Compatible zodiac signs:<\/strong> Leo, Aquarius, and Sagittarius<br data-start=\"578\" data-end=\"581\"><strong data-start=\"581\" data-end=\"603\">Compatible chakras:<\/strong> 2nd Sacral Chakra<\/p>\t\t\t\t\t\t\t\t<\/div>\n\t\t\t\t<\/div>\n\t\t\t\t\t<\/div>\n\t\t\t\t<\/div>\n\t\t\t\t<\/div>\n\t\t<\/div>\n\t\t\t\t\t\t<\/div>\n\t\t\t\t<\/div>\n\t\t\t\t<div class=\"elementor-element elementor-element-d602e29 elementor-widget elementor-widget-shortcode\" data-id=\"d602e29\" data-element_type=\"widget\" data-widget_type=\"shortcode.default\">\n\t\t\t\t<div class=\"elementor-widget-container\">\n\t\t\t\t\t\t\t<div class=\"elementor-shortcode\">\t\t\t<link rel=\"stylesheet\" id=\"elementor-post-32702-css\" href=\"https:\/\/markanluxury.ch\/wp-content\/uploads\/elementor\/css\/post-32702.css?ver=1776068215\" type=\"text\/css\" media=\"all\">\n\t\t\t\t\t<div data-elementor-type=\"wp-post\" data-elementor-id=\"32702\" class=\"elementor elementor-32702 elementor-32694\">\n\t\t\t\t<div class=\"wd-negative-gap elementor-element elementor-element-b252260 e-flex e-con-boxed e-con e-parent\" data-id=\"b252260\" data-element_type=\"container\">\n\t\t\t\t\t<div class=\"e-con-inner\">\n\t\t\t\t<div class=\"elementor-element elementor-element-f9ab816 color-scheme-inherit text-left elementor-widget elementor-widget-text-editor\" data-id=\"f9ab816\" data-element_type=\"widget\" data-widget_type=\"text-editor.default\">\n\t\t\t\t<div class=\"elementor-widget-container\">\n\t\t\t\t\t\t\t\t\t<h3 style=\"font-size: 16px;\"><strong>HOW TO PURIFY GEMSTONES?<\/strong><\/h3><p><strong>Smudging:<\/strong> Gemstones can be energetically cleansed with incense or sage smoke. Hold the stone in one hand and pass it through the smoke for 15\u201320 seconds to release negative energies.<\/p><p><strong>Running water:<\/strong> Rinse the stone under clear, running water for 2\u20133 minutes. This method helps remove energetic blockages.<\/p><p><strong>Burying in the earth:<\/strong> To harmonize the stone\u2019s energy, you can bury it in the earth for one day. This allows it to recharge with the earth\u2019s natural energy.<\/p>\t\t\t\t\t\t\t\t<\/div>\n\t\t\t\t<\/div>\n\t\t\t\t\t<\/div>\n\t\t\t\t<\/div>\n\t\t\t\t<\/div>\n\t\t<\/div>\n\t\t\t\t\t\t<\/div>\n\t\t\t\t<\/div>\n\t\t\t\t<div class=\"elementor-element elementor-element-c2f97ea elementor-widget-divider--view-line elementor-widget elementor-widget-divider\" data-id=\"c2f97ea\" data-element_type=\"widget\" data-widget_type=\"divider.default\">\n\t\t\t\t<div class=\"elementor-widget-container\">\n\t\t\t\t\t\t\t<div class=\"elementor-divider\">\n\t\t\t<span class=\"elementor-divider-separator\">\n\t\t\t\t\t\t<\/span>\n\t\t<\/div>\n\t\t\t\t\t\t<\/div>\n\t\t\t\t<\/div>\n\t\t\t\t<div class=\"elementor-element elementor-element-96cae30 wd-single-meta text-left elementor-widget elementor-widget-wd_single_product_meta\" data-id=\"96cae30\" data-element_type=\"widget\" data-widget_type=\"wd_single_product_meta.default\">\n\t\t\t\t<div class=\"elementor-widget-container\">\n\t\t\t\t\t\n<div class=\"product_meta wd-layout-default\">\n\t\n\t\t\t\n\t\t<span class=\"sku_wrapper\">\n\t\t\t<span class=\"meta-label\">\n\t\t\t\tSKU:\t\t\t<\/span>\n\t\t\t<span class=\"sku\">\n\t\t\t\tMARKAN-9006\t\t\t<\/span>\n\t\t<\/span>\n\t\n\t\t\t<span class=\"posted_in\"><span class=\"meta-label\">Categories:<\/span> <a href=\"https:\/\/markanluxury.ch\/en\/product-category\/gemstones-minerals\/amber\/\" rel=\"tag\">Amber<\/a><span class=\"meta-sep\">,<\/span> <a href=\"https:\/\/markanluxury.ch\/en\/product-category\/gemstones-minerals\/amber\/amber-baby-necklaces\/\" rel=\"tag\">Amber Baby Necklaces<\/a><span class=\"meta-sep\">,<\/span> <a href=\"https:\/\/markanluxury.ch\/en\/product-category\/gemstones-minerals\/\" rel=\"tag\">Gemstones &amp; Minerals<\/a><\/span>\t\n\t\t\t<span class=\"tagged_as\"><span class=\"meta-label\">Tag:<\/span> <a href=\"https:\/\/markanluxury.ch\/en\/product-tag\/denture-necklaces\/\" rel=\"tag\">Denture Necklaces<\/a><\/span>\t\n\t\t\t\t\n\t<\/div>\n\t\t\t\t<\/div>\n\t\t\t\t<\/div>\n\t\t\t\t\t<\/div>\n\t\t\t\t<\/div>\n\t\t\t\t<\/div>\n\t\t","protected":false},"excerpt":{"rendered":"<p>Width: 5 mm Length: 6 mm Weight: 6.4 g Total length: 32 cm UGS\u00a0: MARKAN-9006 Cat\u00e9gories\u00a0: Edelsteine &amp; Mineralien, Bernstein,<\/p>\n","protected":false},"featured_media":33082,"comment_status":"open","ping_status":"closed","template":"","meta":[],"product_brand":[],"product_cat":[243,376,219],"product_tag":[676],"class_list":{"0":"post-33155","1":"product","2":"type-product","3":"status-publish","4":"has-post-thumbnail","6":"product_cat-amber","7":"product_cat-amber-baby-necklaces","8":"product_cat-gemstones-minerals","9":"product_tag-denture-necklaces","11":"first","12":"instock","13":"shipping-taxable","14":"purchasable","15":"product-type-simple"},"yoast_head":"<!-- This site is optimized with the Yoast SEO plugin v25.0 - https:\/\/yoast.com\/wordpress\/plugins\/seo\/ -->\n<title>Baby teething amber necklace - 32 cm - Markan Luxury<\/title>\n<meta name=\"robots\" content=\"index, follow, max-snippet:-1, max-image-preview:large, max-video-preview:-1\" \/>\n<link rel=\"canonical\" href=\"https:\/\/markanluxury.ch\/en\/shop\/gemstones-minerals\/amber\/amber-baby-necklaces\/baby-teething-amber-necklace-32-cm-3\/\" \/>\n<meta property=\"og:locale\" content=\"en_US\" \/>\n<meta property=\"og:type\" content=\"article\" \/>\n<meta property=\"og:title\" content=\"Baby teething amber necklace - 32 cm - Markan Luxury\" \/>\n<meta property=\"og:description\" content=\"Width: 5 mm Length: 6 mm Weight: 6.4 g Total length: 32 cm UGS\u00a0: MARKAN-9006 Cat\u00e9gories\u00a0: Edelsteine &amp; Mineralien, Bernstein,\" \/>\n<meta property=\"og:url\" content=\"https:\/\/markanluxury.ch\/en\/shop\/gemstones-minerals\/amber\/amber-baby-necklaces\/baby-teething-amber-necklace-32-cm-3\/\" \/>\n<meta property=\"og:site_name\" content=\"Markan Luxury\" \/>\n<meta property=\"article:modified_time\" content=\"2025-06-19T02:28:38+00:00\" \/>\n<meta property=\"og:image\" content=\"https:\/\/markanluxury.ch\/wp-content\/uploads\/2025\/06\/collier-ambre-bebe-poussee-dentaire-32cm-01-avant.jpg\" \/>\n\t<meta property=\"og:image:width\" content=\"1200\" \/>\n\t<meta property=\"og:image:height\" content=\"1800\" \/>\n\t<meta property=\"og:image:type\" content=\"image\/jpeg\" \/>\n<meta name=\"twitter:card\" content=\"summary_large_image\" \/>\n<script type=\"application\/ld+json\" class=\"yoast-schema-graph\">{\"@context\":\"https:\/\/schema.org\",\"@graph\":[{\"@type\":\"WebPage\",\"@id\":\"https:\/\/markanluxury.ch\/en\/shop\/gemstones-minerals\/amber\/amber-baby-necklaces\/baby-teething-amber-necklace-32-cm-3\/\",\"url\":\"https:\/\/markanluxury.ch\/en\/shop\/gemstones-minerals\/amber\/amber-baby-necklaces\/baby-teething-amber-necklace-32-cm-3\/\",\"name\":\"Baby teething amber necklace - 32 cm - Markan Luxury\",\"isPartOf\":{\"@id\":\"https:\/\/markanluxury.ch\/en\/#website\"},\"primaryImageOfPage\":{\"@id\":\"https:\/\/markanluxury.ch\/en\/shop\/gemstones-minerals\/amber\/amber-baby-necklaces\/baby-teething-amber-necklace-32-cm-3\/#primaryimage\"},\"image\":{\"@id\":\"https:\/\/markanluxury.ch\/en\/shop\/gemstones-minerals\/amber\/amber-baby-necklaces\/baby-teething-amber-necklace-32-cm-3\/#primaryimage\"},\"thumbnailUrl\":\"https:\/\/markanluxury.ch\/wp-content\/uploads\/2025\/06\/collier-ambre-bebe-poussee-dentaire-32cm-01-avant.jpg\",\"datePublished\":\"2025-06-19T01:54:11+00:00\",\"dateModified\":\"2025-06-19T02:28:38+00:00\",\"breadcrumb\":{\"@id\":\"https:\/\/markanluxury.ch\/en\/shop\/gemstones-minerals\/amber\/amber-baby-necklaces\/baby-teething-amber-necklace-32-cm-3\/#breadcrumb\"},\"inLanguage\":\"en-US\",\"potentialAction\":[{\"@type\":\"ReadAction\",\"target\":[\"https:\/\/markanluxury.ch\/en\/shop\/gemstones-minerals\/amber\/amber-baby-necklaces\/baby-teething-amber-necklace-32-cm-3\/\"]}]},{\"@type\":\"ImageObject\",\"inLanguage\":\"en-US\",\"@id\":\"https:\/\/markanluxury.ch\/en\/shop\/gemstones-minerals\/amber\/amber-baby-necklaces\/baby-teething-amber-necklace-32-cm-3\/#primaryimage\",\"url\":\"https:\/\/markanluxury.ch\/wp-content\/uploads\/2025\/06\/collier-ambre-bebe-poussee-dentaire-32cm-01-avant.jpg\",\"contentUrl\":\"https:\/\/markanluxury.ch\/wp-content\/uploads\/2025\/06\/collier-ambre-bebe-poussee-dentaire-32cm-01-avant.jpg\",\"width\":1200,\"height\":1800,\"caption\":\"Vue avant du collier d\u2019ambre b\u00e9b\u00e9 pour pouss\u00e9e dentaire 32 cm\"},{\"@type\":\"BreadcrumbList\",\"@id\":\"https:\/\/markanluxury.ch\/en\/shop\/gemstones-minerals\/amber\/amber-baby-necklaces\/baby-teething-amber-necklace-32-cm-3\/#breadcrumb\",\"itemListElement\":[{\"@type\":\"ListItem\",\"position\":1,\"name\":\"Home\",\"item\":\"https:\/\/markanluxury.ch\/en\/home-markan-gemstones-healing-stone-jewelry-online-shop-switzerland\/\"},{\"@type\":\"ListItem\",\"position\":2,\"name\":\"Shop\",\"item\":\"https:\/\/markanluxury.ch\/en\/shop\/\"},{\"@type\":\"ListItem\",\"position\":3,\"name\":\"Baby teething amber necklace &#8211; 32 cm\"}]},{\"@type\":\"WebSite\",\"@id\":\"https:\/\/markanluxury.ch\/en\/#website\",\"url\":\"https:\/\/markanluxury.ch\/en\/\",\"name\":\"Markan Luxury\",\"description\":\"Trage Eleganz, sp\u00fcre Energie!\",\"publisher\":{\"@id\":\"https:\/\/markanluxury.ch\/en\/#organization\"},\"potentialAction\":[{\"@type\":\"SearchAction\",\"target\":{\"@type\":\"EntryPoint\",\"urlTemplate\":\"https:\/\/markanluxury.ch\/en\/?s={search_term_string}\"},\"query-input\":{\"@type\":\"PropertyValueSpecification\",\"valueRequired\":true,\"valueName\":\"search_term_string\"}}],\"inLanguage\":\"en-US\"},{\"@type\":\"Organization\",\"@id\":\"https:\/\/markanluxury.ch\/en\/#organization\",\"name\":\"Markan Luxury\",\"url\":\"https:\/\/markanluxury.ch\/en\/\",\"logo\":{\"@type\":\"ImageObject\",\"inLanguage\":\"en-US\",\"@id\":\"https:\/\/markanluxury.ch\/en\/#\/schema\/logo\/image\/\",\"url\":\"https:\/\/markanluxury.ch\/wp-content\/uploads\/2025\/04\/markan-logo-transparent.svg\",\"contentUrl\":\"https:\/\/markanluxury.ch\/wp-content\/uploads\/2025\/04\/markan-logo-transparent.svg\",\"width\":81,\"height\":80,\"caption\":\"Markan Luxury\"},\"image\":{\"@id\":\"https:\/\/markanluxury.ch\/en\/#\/schema\/logo\/image\/\"}}]}<\/script>\n<!-- \/ Yoast SEO plugin. -->","yoast_head_json":{"title":"Baby teething amber necklace - 32 cm - Markan Luxury","robots":{"index":"index","follow":"follow","max-snippet":"max-snippet:-1","max-image-preview":"max-image-preview:large","max-video-preview":"max-video-preview:-1"},"canonical":"https:\/\/markanluxury.ch\/en\/shop\/gemstones-minerals\/amber\/amber-baby-necklaces\/baby-teething-amber-necklace-32-cm-3\/","og_locale":"en_US","og_type":"article","og_title":"Baby teething amber necklace - 32 cm - Markan Luxury","og_description":"Width: 5 mm Length: 6 mm Weight: 6.4 g Total length: 32 cm UGS\u00a0: MARKAN-9006 Cat\u00e9gories\u00a0: Edelsteine &amp; Mineralien, Bernstein,","og_url":"https:\/\/markanluxury.ch\/en\/shop\/gemstones-minerals\/amber\/amber-baby-necklaces\/baby-teething-amber-necklace-32-cm-3\/","og_site_name":"Markan Luxury","article_modified_time":"2025-06-19T02:28:38+00:00","og_image":[{"width":1200,"height":1800,"url":"https:\/\/markanluxury.ch\/wp-content\/uploads\/2025\/06\/collier-ambre-bebe-poussee-dentaire-32cm-01-avant.jpg","type":"image\/jpeg"}],"twitter_card":"summary_large_image","schema":{"@context":"https:\/\/schema.org","@graph":[{"@type":"WebPage","@id":"https:\/\/markanluxury.ch\/en\/shop\/gemstones-minerals\/amber\/amber-baby-necklaces\/baby-teething-amber-necklace-32-cm-3\/","url":"https:\/\/markanluxury.ch\/en\/shop\/gemstones-minerals\/amber\/amber-baby-necklaces\/baby-teething-amber-necklace-32-cm-3\/","name":"Baby teething amber necklace - 32 cm - Markan Luxury","isPartOf":{"@id":"https:\/\/markanluxury.ch\/en\/#website"},"primaryImageOfPage":{"@id":"https:\/\/markanluxury.ch\/en\/shop\/gemstones-minerals\/amber\/amber-baby-necklaces\/baby-teething-amber-necklace-32-cm-3\/#primaryimage"},"image":{"@id":"https:\/\/markanluxury.ch\/en\/shop\/gemstones-minerals\/amber\/amber-baby-necklaces\/baby-teething-amber-necklace-32-cm-3\/#primaryimage"},"thumbnailUrl":"https:\/\/markanluxury.ch\/wp-content\/uploads\/2025\/06\/collier-ambre-bebe-poussee-dentaire-32cm-01-avant.jpg","datePublished":"2025-06-19T01:54:11+00:00","dateModified":"2025-06-19T02:28:38+00:00","breadcrumb":{"@id":"https:\/\/markanluxury.ch\/en\/shop\/gemstones-minerals\/amber\/amber-baby-necklaces\/baby-teething-amber-necklace-32-cm-3\/#breadcrumb"},"inLanguage":"en-US","potentialAction":[{"@type":"ReadAction","target":["https:\/\/markanluxury.ch\/en\/shop\/gemstones-minerals\/amber\/amber-baby-necklaces\/baby-teething-amber-necklace-32-cm-3\/"]}]},{"@type":"ImageObject","inLanguage":"en-US","@id":"https:\/\/markanluxury.ch\/en\/shop\/gemstones-minerals\/amber\/amber-baby-necklaces\/baby-teething-amber-necklace-32-cm-3\/#primaryimage","url":"https:\/\/markanluxury.ch\/wp-content\/uploads\/2025\/06\/collier-ambre-bebe-poussee-dentaire-32cm-01-avant.jpg","contentUrl":"https:\/\/markanluxury.ch\/wp-content\/uploads\/2025\/06\/collier-ambre-bebe-poussee-dentaire-32cm-01-avant.jpg","width":1200,"height":1800,"caption":"Vue avant du collier d\u2019ambre b\u00e9b\u00e9 pour pouss\u00e9e dentaire 32 cm"},{"@type":"BreadcrumbList","@id":"https:\/\/markanluxury.ch\/en\/shop\/gemstones-minerals\/amber\/amber-baby-necklaces\/baby-teething-amber-necklace-32-cm-3\/#breadcrumb","itemListElement":[{"@type":"ListItem","position":1,"name":"Home","item":"https:\/\/markanluxury.ch\/en\/home-markan-gemstones-healing-stone-jewelry-online-shop-switzerland\/"},{"@type":"ListItem","position":2,"name":"Shop","item":"https:\/\/markanluxury.ch\/en\/shop\/"},{"@type":"ListItem","position":3,"name":"Baby teething amber necklace &#8211; 32 cm"}]},{"@type":"WebSite","@id":"https:\/\/markanluxury.ch\/en\/#website","url":"https:\/\/markanluxury.ch\/en\/","name":"Markan Luxury","description":"Trage Eleganz, sp\u00fcre Energie!","publisher":{"@id":"https:\/\/markanluxury.ch\/en\/#organization"},"potentialAction":[{"@type":"SearchAction","target":{"@type":"EntryPoint","urlTemplate":"https:\/\/markanluxury.ch\/en\/?s={search_term_string}"},"query-input":{"@type":"PropertyValueSpecification","valueRequired":true,"valueName":"search_term_string"}}],"inLanguage":"en-US"},{"@type":"Organization","@id":"https:\/\/markanluxury.ch\/en\/#organization","name":"Markan Luxury","url":"https:\/\/markanluxury.ch\/en\/","logo":{"@type":"ImageObject","inLanguage":"en-US","@id":"https:\/\/markanluxury.ch\/en\/#\/schema\/logo\/image\/","url":"https:\/\/markanluxury.ch\/wp-content\/uploads\/2025\/04\/markan-logo-transparent.svg","contentUrl":"https:\/\/markanluxury.ch\/wp-content\/uploads\/2025\/04\/markan-logo-transparent.svg","width":81,"height":80,"caption":"Markan Luxury"},"image":{"@id":"https:\/\/markanluxury.ch\/en\/#\/schema\/logo\/image\/"}}]}},"_links":{"self":[{"href":"https:\/\/markanluxury.ch\/en\/wp-json\/wp\/v2\/product\/33155","targetHints":{"allow":["GET"]}}],"collection":[{"href":"https:\/\/markanluxury.ch\/en\/wp-json\/wp\/v2\/product"}],"about":[{"href":"https:\/\/markanluxury.ch\/en\/wp-json\/wp\/v2\/types\/product"}],"replies":[{"embeddable":true,"href":"https:\/\/markanluxury.ch\/en\/wp-json\/wp\/v2\/comments?post=33155"}],"version-history":[{"count":1,"href":"https:\/\/markanluxury.ch\/en\/wp-json\/wp\/v2\/product\/33155\/revisions"}],"predecessor-version":[{"id":33158,"href":"https:\/\/markanluxury.ch\/en\/wp-json\/wp\/v2\/product\/33155\/revisions\/33158"}],"wp:featuredmedia":[{"embeddable":true,"href":"https:\/\/markanluxury.ch\/en\/wp-json\/wp\/v2\/media\/33082"}],"wp:attachment":[{"href":"https:\/\/markanluxury.ch\/en\/wp-json\/wp\/v2\/media?parent=33155"}],"wp:term":[{"taxonomy":"product_brand","embeddable":true,"href":"https:\/\/markanluxury.ch\/en\/wp-json\/wp\/v2\/product_brand?post=33155"},{"taxonomy":"product_cat","embeddable":true,"href":"https:\/\/markanluxury.ch\/en\/wp-json\/wp\/v2\/product_cat?post=33155"},{"taxonomy":"product_tag","embeddable":true,"href":"https:\/\/markanluxury.ch\/en\/wp-json\/wp\/v2\/product_tag?post=33155"}],"curies":[{"name":"wp","href":"https:\/\/api.w.org\/{rel}","templated":true}]}}